{"id":230,"date":"2020-10-06T11:41:53","date_gmt":"2020-10-06T11:41:53","guid":{"rendered":"https:\/\/www.silag.ch\/impressum\/"},"modified":"2021-01-29T12:40:02","modified_gmt":"2021-01-29T12:40:02","slug":"impressum","status":"publish","type":"page","link":"https:\/\/www.silag.ch\/it\/impressum\/","title":{"rendered":"Impronta"},"content":{"rendered":"<section class=\"l-section wpb_row height_medium\"><div class=\"l-section-h i-cf\"><div class=\"g-cols vc_row via_flex valign_top type_default stacking_default\"><div class=\"vc_col-sm-12 wpb_column vc_column_container\"><div class=\"vc_column-inner\"><div class=\"wpb_wrapper\"><div class=\"wpb_text_column\"><div class=\"wpb_wrapper\"><h1 class=\"entry-title\">Impronta<\/h1>\n<div class=\"entry-content\">\n<p>Il sito web silag.ethz.ch \u00e8 pubblicato dall&#8217;associazione Silag per la ricerca e il controllo delle malattie polmonari causate da polveri inorganiche.<\/p>\n<h2>Editore<\/h2>\n<p>Prof. Max W. Schmidt<br \/>\n<a href=\"http:\/\/www.geopetro.ethz.ch\/\">Institut f\u00fcr Geochemie und Petrologie<\/a><br \/>\nNW E 81.1<br \/>\nClausiusstrasse 25<br \/>\n8092 Z\u00fcrich<br \/>\nSchweiz<\/p>\n<p>+41 44 632 79 88<br \/>\n<a href=\"mailto:max.schmidt@erdw.ethz.ch\">max.schmidt@erdw.ethz.ch<\/a><\/p>\n<h2>Segreteria di redazione<\/h2>\n<p>Dr. Barbara Kuhn<br \/>\n<a href=\"http:\/\/www.geopetro.ethz.ch\/\">Institut f\u00fcr Geochemie und Petrologie<\/a><br \/>\nNW D 76.3<br \/>\nClausiusstrasse 25<br \/>\n8092 Z\u00fcrich<br \/>\nSchweiz<\/p>\n<p>+41 44 632 65 81<br \/>\n<a href=\"mailto:barbara.kuhn@erdw.ethz.ch\">barbara.kuhn@erdw.ethz.ch<\/a><\/p>\n<h2>Responsabilit\u00e0 del sistema<\/h2>\n<p>Il contatto tecnico per il sito web \u00e8 team8, <a href=\"https:\/\/team8.ch\/\" target=\"_blank\" rel=\"noopener noreferrer\">www.team8.ch<\/a><\/p>\n<h3>Contatto<\/h3>\n<p>Staublungenlabor der silag<br \/>\nc\/o Universit\u00e4t Z\u00fcrich<br \/>\nZentrum f\u00fcr Mikroskopie und Bildanalyse<br \/>\nWinterthurerstr. 190<br \/>\n8057 Z\u00fcrich<\/p>\n<p>Tel: 079 552 53 99<br \/>\nE-Mail: silag@hin.ch<\/p>\n<\/div>\n<\/div><\/div><\/div><\/div><\/div><\/div><\/div><\/section>\n","protected":false},"excerpt":{"rendered":"Impronta Il sito web silag.ethz.ch \u00e8 pubblicato dall&#8217;associazione Silag per la ricerca e il controllo delle malattie polmonari causate da polveri inorganiche. Editore Prof. Max W. Schmidt Institut f\u00fcr Geochemie und Petrologie NW E 81.1 Clausiusstrasse 25 8092 Z\u00fcrich Schweiz +41 44 632 79 88 max.schmidt@erdw.ethz.ch Segreteria di redazione Dr. Barbara Kuhn Institut f\u00fcr Geochemie...","protected":false},"author":1,"featured_media":0,"parent":0,"menu_order":0,"comment_status":"closed","ping_status":"closed","template":"","meta":{"footnotes":""},"class_list":["post-230","page","type-page","status-publish","hentry"],"yoast_head":"<!-- This site is optimized with the Yoast SEO plugin v26.9 - https:\/\/yoast.com\/product\/yoast-seo-wordpress\/ -->\n<title>Impronta - swiss laboratory for particle analysis in tissues<\/title>\n<meta name=\"robots\" content=\"index, follow, max-snippet:-1, max-image-preview:large, max-video-preview:-1\" \/>\n<link rel=\"canonical\" href=\"https:\/\/www.silag.ch\/it\/impressum\/\" \/>\n<meta property=\"og:locale\" content=\"it_IT\" \/>\n<meta property=\"og:type\" content=\"article\" \/>\n<meta property=\"og:title\" content=\"Impronta - swiss laboratory for particle analysis in tissues\" \/>\n<meta property=\"og:url\" content=\"https:\/\/www.silag.ch\/it\/impressum\/\" \/>\n<meta property=\"og:site_name\" content=\"swiss laboratory for particle analysis in tissues\" \/>\n<meta property=\"article:modified_time\" content=\"2021-01-29T12:40:02+00:00\" \/>\n<meta name=\"twitter:card\" content=\"summary_large_image\" \/>\n<meta name=\"twitter:label1\" content=\"Tempo di lettura stimato\" \/>\n\t<meta name=\"twitter:data1\" content=\"1 minuto\" \/>\n<script type=\"application\/ld+json\" class=\"yoast-schema-graph\">{\"@context\":\"https:\/\/schema.org\",\"@graph\":[{\"@type\":\"WebPage\",\"@id\":\"https:\/\/www.silag.ch\/it\/impressum\/\",\"url\":\"https:\/\/www.silag.ch\/it\/impressum\/\",\"name\":\"Impronta - swiss laboratory for particle analysis in tissues\",\"isPartOf\":{\"@id\":\"https:\/\/www.silag.ch\/#website\"},\"datePublished\":\"2020-10-06T11:41:53+00:00\",\"dateModified\":\"2021-01-29T12:40:02+00:00\",\"breadcrumb\":{\"@id\":\"https:\/\/www.silag.ch\/it\/impressum\/#breadcrumb\"},\"inLanguage\":\"it-IT\",\"potentialAction\":[{\"@type\":\"ReadAction\",\"target\":[\"https:\/\/www.silag.ch\/it\/impressum\/\"]}]},{\"@type\":\"BreadcrumbList\",\"@id\":\"https:\/\/www.silag.ch\/it\/impressum\/#breadcrumb\",\"itemListElement\":[{\"@type\":\"ListItem\",\"position\":1,\"name\":\"Startseite\",\"item\":\"https:\/\/www.silag.ch\/it\/home\/\"},{\"@type\":\"ListItem\",\"position\":2,\"name\":\"Impronta\"}]},{\"@type\":\"WebSite\",\"@id\":\"https:\/\/www.silag.ch\/#website\",\"url\":\"https:\/\/www.silag.ch\/\",\"name\":\"swiss laboratory for particle analysis in tissues\",\"description\":\"\",\"potentialAction\":[{\"@type\":\"SearchAction\",\"target\":{\"@type\":\"EntryPoint\",\"urlTemplate\":\"https:\/\/www.silag.ch\/?s={search_term_string}\"},\"query-input\":{\"@type\":\"PropertyValueSpecification\",\"valueRequired\":true,\"valueName\":\"search_term_string\"}}],\"inLanguage\":\"it-IT\"}]}<\/script>\n<!-- \/ Yoast SEO plugin. -->","yoast_head_json":{"title":"Impronta - swiss laboratory for particle analysis in tissues","robots":{"index":"index","follow":"follow","max-snippet":"max-snippet:-1","max-image-preview":"max-image-preview:large","max-video-preview":"max-video-preview:-1"},"canonical":"https:\/\/www.silag.ch\/it\/impressum\/","og_locale":"it_IT","og_type":"article","og_title":"Impronta - swiss laboratory for particle analysis in tissues","og_url":"https:\/\/www.silag.ch\/it\/impressum\/","og_site_name":"swiss laboratory for particle analysis in tissues","article_modified_time":"2021-01-29T12:40:02+00:00","twitter_card":"summary_large_image","twitter_misc":{"Tempo di lettura stimato":"1 minuto"},"schema":{"@context":"https:\/\/schema.org","@graph":[{"@type":"WebPage","@id":"https:\/\/www.silag.ch\/it\/impressum\/","url":"https:\/\/www.silag.ch\/it\/impressum\/","name":"Impronta - swiss laboratory for particle analysis in tissues","isPartOf":{"@id":"https:\/\/www.silag.ch\/#website"},"datePublished":"2020-10-06T11:41:53+00:00","dateModified":"2021-01-29T12:40:02+00:00","breadcrumb":{"@id":"https:\/\/www.silag.ch\/it\/impressum\/#breadcrumb"},"inLanguage":"it-IT","potentialAction":[{"@type":"ReadAction","target":["https:\/\/www.silag.ch\/it\/impressum\/"]}]},{"@type":"BreadcrumbList","@id":"https:\/\/www.silag.ch\/it\/impressum\/#breadcrumb","itemListElement":[{"@type":"ListItem","position":1,"name":"Startseite","item":"https:\/\/www.silag.ch\/it\/home\/"},{"@type":"ListItem","position":2,"name":"Impronta"}]},{"@type":"WebSite","@id":"https:\/\/www.silag.ch\/#website","url":"https:\/\/www.silag.ch\/","name":"swiss laboratory for particle analysis in tissues","description":"","potentialAction":[{"@type":"SearchAction","target":{"@type":"EntryPoint","urlTemplate":"https:\/\/www.silag.ch\/?s={search_term_string}"},"query-input":{"@type":"PropertyValueSpecification","valueRequired":true,"valueName":"search_term_string"}}],"inLanguage":"it-IT"}]}},"_links":{"self":[{"href":"https:\/\/www.silag.ch\/it\/wp-json\/wp\/v2\/pages\/230","targetHints":{"allow":["GET"]}}],"collection":[{"href":"https:\/\/www.silag.ch\/it\/wp-json\/wp\/v2\/pages"}],"about":[{"href":"https:\/\/www.silag.ch\/it\/wp-json\/wp\/v2\/types\/page"}],"author":[{"embeddable":true,"href":"https:\/\/www.silag.ch\/it\/wp-json\/wp\/v2\/users\/1"}],"replies":[{"embeddable":true,"href":"https:\/\/www.silag.ch\/it\/wp-json\/wp\/v2\/comments?post=230"}],"version-history":[{"count":3,"href":"https:\/\/www.silag.ch\/it\/wp-json\/wp\/v2\/pages\/230\/revisions"}],"predecessor-version":[{"id":444,"href":"https:\/\/www.silag.ch\/it\/wp-json\/wp\/v2\/pages\/230\/revisions\/444"}],"wp:attachment":[{"href":"https:\/\/www.silag.ch\/it\/wp-json\/wp\/v2\/media?parent=230"}],"curies":[{"name":"wp","href":"https:\/\/api.w.org\/{rel}","templated":true}]}}