{"id":195,"date":"2020-09-19T18:23:37","date_gmt":"2020-09-19T18:23:37","guid":{"rendered":"https:\/\/www.silag.ch\/arbeitsgemeinschaft\/"},"modified":"2020-11-13T15:07:41","modified_gmt":"2020-11-13T15:07:41","slug":"il-gruppo-di-lavoro","status":"publish","type":"page","link":"https:\/\/www.silag.ch\/it\/il-gruppo-di-lavoro\/","title":{"rendered":"il gruppo di lavoro"},"content":{"rendered":"<section class=\"l-section wpb_row height_medium with_img\"><div class=\"l-section-img\" role=\"img\" aria-label=\"Immagine\" data-img-width=\"1350\" data-img-height=\"900\" style=\"background-image: url(https:\/\/www.silag.ch\/wp-content\/uploads\/2020\/09\/photo-1567427018141-0584cfcbf1b8.jpg);background-position: bottom center;background-repeat: no-repeat;\"><\/div><div class=\"l-section-h i-cf\"><div class=\"g-cols vc_row via_flex valign_top type_default stacking_default\"><div class=\"vc_col-sm-12 wpb_column vc_column_container\"><div class=\"vc_column-inner\"><div class=\"wpb_wrapper\"><div class=\"ult-spacer spacer-69e394eb6e540\" data-id=\"69e394eb6e540\" data-height=\"500\" data-height-mobile=\"200\" data-height-tab=\"400\" data-height-tab-portrait=\"400\" data-height-mobile-landscape=\"300\" style=\"clear:both;display:block;\"><\/div><\/div><\/div><\/div><\/div><\/div><\/section><section class=\"l-section wpb_row height_medium\"><div class=\"l-section-h i-cf\"><div class=\"g-cols vc_row via_flex valign_top type_default stacking_default\"><div class=\"vc_col-sm-12 wpb_column vc_column_container\"><div class=\"vc_column-inner\"><div class=\"wpb_wrapper\"><div class=\"wpb_text_column\"><div class=\"wpb_wrapper\"><h1 class=\"entry-title\">Silag: il gruppo di lavoro<\/h1>\n<\/div><\/div><div class=\"wpb_text_column\"><div class=\"wpb_wrapper\"><h2>2017<\/h2>\n<p>Nel 2017 \u00e8 stata cambiata la denominazione in silag \u2013 swiss laboratory for particle analysis in tissues.<\/p>\n<\/div><\/div><div class=\"wpb_text_column\"><div class=\"wpb_wrapper\"><h2>1992 &#8211; 2020<\/h2>\n<p>Dei cambiamenti radicali di personale all\u2019interno del silag hanno portato a uno stop della ricerca anche in ambito patologico. L\u2019interesse e la volont\u00e0 di continuare a offrire analisi delle polveri presenti nei polmoni di alta qualit\u00e0 hanno fatto s\u00ec che il silag gestisca dal 1992 un proprio laboratorio per la preparazione e l\u2019analisi dei campioni. I locali necessari a questo scopo sono stati messi a disposizione dall\u2019Istituto di geochimica e petrologia dell\u2019ETH di Zurigo fino 2020. Questa situazione garantisce la continuit\u00e0 nella preparazione dei campioni e offre contemporaneamente anche la possibilit\u00e0 di sviluppare e testare nuove procedure per la preparazione e l\u2019esame dei campioni in un contesto prettamente votato all\u2019analisi. \u00c8 stato cos\u00ec possibile offrire dal 2000 il nuovo metodo per l\u2019analisi delle polveri nel liquido di lavaggio broncoalveolare (BAL).<\/p>\n<\/div><\/div><div class=\"wpb_text_column\"><div class=\"wpb_wrapper\"><h2>1960-1992<\/h2>\n<p>A seguito dell\u2019attuazione delle misure di prevenzione dell\u2019esposizione alla polvere di quarzo, la ricerca associata alle pneumoconiosi nel settore inorganico perse di importanza e negli anni seguenti ci si limit\u00f2 essenzialmente ad apportare miglioramenti ai metodi di analisi delle polveri presenti nei polmoni. Nel settore medico, specificamente in ambito patologico, furono proseguite soprattutto le attivit\u00e0 di ricerca sulle silicosi e anche su altre pneumoconiosi. Con la diffusione dell\u2019amianto e la comparsa di patologie quali le asbestosi e i mesoteliomi, alla fine degli anni Settanta e nei primi anni Ottanta la ricerca spost\u00f2 sempre pi\u00f9 la sua attenzione sulle patologie da amianto.<\/p>\n<p>Questa estensione del campo d\u2019azione indusse il gruppo di lavoro a cambiare, nel 1970, la propria denominazione in Gruppo di lavoro zurighese per la ricerca e la lotta contro le pneumoconiosi in Svizzera. Le figure 1 e 2 mostrano la variazione dell\u2019oggetto predominate della ricerca: dal quarzo all\u2019amianto.<\/p>\n<\/div><\/div><div class=\"w-image align_none\"><div class=\"w-image-h\"><img decoding=\"async\" width=\"1024\" height=\"615\" src=\"https:\/\/www.silag.ch\/wp-content\/uploads\/2020\/10\/Bild1-it-1024x615.png\" class=\"attachment-large size-large\" alt=\"\" loading=\"lazy\" srcset=\"https:\/\/www.silag.ch\/wp-content\/uploads\/2020\/10\/Bild1-it-1024x615.png 1024w, https:\/\/www.silag.ch\/wp-content\/uploads\/2020\/10\/Bild1-it-300x180.png 300w, https:\/\/www.silag.ch\/wp-content\/uploads\/2020\/10\/Bild1-it.png 1652w\" sizes=\"auto, (max-width: 1024px) 100vw, 1024px\" \/><\/div><\/div><div class=\"wpb_text_column\"><div class=\"wpb_wrapper\"><figure class=\"wp-block-image\"><figcaption>Figura 1: sostanze analizzate per le analisi delle polveri presenti nei polmoni a intervalli quinquennali. Per \u00abparticelle\u00bb si intendono tutte le particelle inorganiche ad eccezione del quarzo e della polvere minerale. \u201cAsbest\u201d = amianto.<\/figcaption><\/figure>\n<\/div><\/div><div class=\"w-image align_none\"><div class=\"w-image-h\"><img decoding=\"async\" width=\"1024\" height=\"478\" src=\"https:\/\/www.silag.ch\/wp-content\/uploads\/2020\/10\/Bild2-it-1024x478.png\" class=\"attachment-large size-large\" alt=\"\" loading=\"lazy\" srcset=\"https:\/\/www.silag.ch\/wp-content\/uploads\/2020\/10\/Bild2-it-1024x478.png 1024w, https:\/\/www.silag.ch\/wp-content\/uploads\/2020\/10\/Bild2-it-300x140.png 300w\" sizes=\"auto, (max-width: 1024px) 100vw, 1024px\" \/><\/div><\/div><div class=\"wpb_text_column\"><div class=\"wpb_wrapper\"><figure class=\"wp-block-image\"><figcaption>Figura 2: diagnosi e numero di casi nelle analisi delle polveri presenti nei polmoni a intervalli quinquennali. SIL: silicosi, MIPN: pneumoconiosi da polveri miste, ASB: asbestosi, PM+PET: mesoteliomi pleurici e peritoneali, LuCa: carcinoma polmonare, altri: alluminosi, sindrome di Caplan, granulomatosi, grafitosi, talcosi e pneumoconiosi da metalli duri, del saldatore e da terre rare.<\/figcaption><\/figure>\n<\/div><\/div><div class=\"wpb_text_column\"><div class=\"wpb_wrapper\"><p>Sin dalla fondazione del gruppo di lavoro sono stati inviati al silag campioni da analizzare dall\u2019intero territorio nazionale svizzero e dai paesi confinanti (vedere figura 3). Con il mutare dei punti focali della ricerca presso l\u2019USZ, nel 1990 e nel 2012 \u00e8 diminuita costantemente la quota percentuale dei campioni provenienti dall\u2019USZ e analizzati dal silag.<\/p>\n<\/div><\/div><div class=\"w-image align_none\"><div class=\"w-image-h\"><img decoding=\"async\" width=\"1024\" height=\"533\" src=\"https:\/\/www.silag.ch\/wp-content\/uploads\/2020\/10\/Bild3-it-1024x533.png\" class=\"attachment-large size-large\" alt=\"\" loading=\"lazy\" srcset=\"https:\/\/www.silag.ch\/wp-content\/uploads\/2020\/10\/Bild3-it-1024x533.png 1024w, https:\/\/www.silag.ch\/wp-content\/uploads\/2020\/10\/Bild3-it-300x156.png 300w\" sizes=\"auto, (max-width: 1024px) 100vw, 1024px\" \/><\/div><\/div><div class=\"wpb_text_column\"><div class=\"wpb_wrapper\"><figure class=\"wp-block-image\"><figcaption>Figura 3: provenienza dei campioni inviati per un\u2019analisi delle polveri presenti nei polmoni. CH interna: UR, SZ, OW, NW, LU, ZG; CH orientale: GR, SG, TG, SH, GL, AR, AI; CH centrale: BS, BL, BE, SO, AG; CH occidentale: GE, VD, VS, FR, NE, JU.<\/figcaption><\/figure>\n<\/div><\/div><div class=\"wpb_text_column\"><div class=\"wpb_wrapper\"><h2>1945-1960<\/h2>\n<p>Dato che nel 1944 la silicosi (pneumoconiosi da quarzo) costituiva una grave malattia professionale che causava molte sofferenze e costi elevati, ci\u00f2 ha dato il via alla fondazione del silag. La problematica della pneumoconiosi era molto complessa, per cui sin dall\u2019inizio furono coinvolti i rappresentanti di diversi settori specialistici. Nel 1945 fu fondato, sotto forma di associazione, il Gruppo di lavoro zurighese per la ricerca e la lotta contro la silicosi in Svizzera. I membri (in genere direttori di istituti o cliniche) si impegnarono a svolgere i progetti di ricerca del gruppo di lavoro all\u2019interno dei propri gruppi o a mettere loro a disposizione le proprie strutture. Fu creato cos\u00ec un organismo decentralizzato per la ricerca sulle pneumoconiosi.<\/p>\n<p>Fin dall\u2019inizio vi parteciparono medici dell\u2019Ospedale universitario di Zurigo (USZ), esperti di mineralogia e petrografia del Politecnico federale di Zurigo (PFZ) e medici dell\u2019Istituto nazionale svizzero di assicurazione contro gli infortuni (Suva). Furono successivamente coinvolti anche rappresentanti dell\u2019Ufficio federale delle assicurazioni sociali, del Laboratorio federale di prova dei materiali e di ricerca (EMPA), del Laboratorio di controllo geotecnico di Zurigo, dell\u2019Istituto medico-legale e dell\u2019Associazione svizzera delle imprese del genio civile. Nei primi 15\u00a0anni, i progetti di ricerca si concentrarono in gran parte sulla silicosi.<\/p>\n<p>La ricerca era suddivisa in due rami principali: il settore inorganico e quello medico.<\/p>\n<h4>Settore inorganico<\/h4>\n<ul>\n<li>I progetti di mineralogia e petrografia si occuparono principalmente della descrizione dell\u2019origine delle polveri (concentrazioni, processi, materie grezze) sul posto di lavoro e della loro descrizione (distribuzione granulometrica, composizione mineralogica), ponendosi come obiettivo la profilassi tecnica. Si eseguirono gi\u00e0 anche analisi delle polveri presenti nei polmoni, confrontando questi risultati con le composizioni delle polveri nei luoghi di lavoro.<\/li>\n<\/ul>\n<h4>Settore medico<\/h4>\n<ul>\n<li>L\u2019anatomia patologica si occup\u00f2 della caratterizzazione morfologica delle pneumoconiosi e della determinazione della granulometria delle polveri capaci di penetrare nei polmoni. Si studiarono inoltre anche le lesioni polmonari riconducibili ai diversi agenti nocivi organici. In studi sugli animali fu valutato l\u2019effetto di diverse sostanze inorganiche e, in parte, anche organiche sui polmoni. Un contributo essenziale fu anche lo sviluppo di metodi di analisi delle polveri presenti nei polmoni.<\/li>\n<li>In ambito clinico, l\u2019interesse fu focalizzato sul decorso della silicosi (soprattutto anche dopo cessazione dell\u2019esposizione alle polveri), sull\u2019interazione con la tubercolosi e anche sulle affezioni concomitanti quali la broncopneumopatia cronica ostruttiva (BPCO) e il cuore polmonare. Furono inoltre messi a punto gli esami di funzionalit\u00e0 respiratoria (spirometria, emogasanalisi ecc.).<\/li>\n<\/ul>\n<p>Nella diagnostica della pneumoconiosi l\u2019esame radiografico svolse un ruolo fondamentale.<\/p>\n<\/div><\/div><\/div><\/div><\/div><\/div><\/div><\/section>\n","protected":false},"excerpt":{"rendered":"Silag: il gruppo di lavoro 2017 Nel 2017 \u00e8 stata cambiata la denominazione in silag \u2013 swiss laboratory for particle analysis in tissues. 1992 &#8211; 2020 Dei cambiamenti radicali di personale all\u2019interno del silag hanno portato a uno stop della ricerca anche in ambito patologico. L\u2019interesse e la volont\u00e0 di continuare a offrire analisi delle...","protected":false},"author":1,"featured_media":0,"parent":0,"menu_order":0,"comment_status":"closed","ping_status":"closed","template":"","meta":{"footnotes":""},"class_list":["post-195","page","type-page","status-publish","hentry"],"yoast_head":"<!-- This site is optimized with the Yoast SEO plugin v26.9 - https:\/\/yoast.com\/product\/yoast-seo-wordpress\/ -->\n<title>il gruppo di lavoro - swiss laboratory for particle analysis in tissues<\/title>\n<meta name=\"robots\" content=\"index, follow, max-snippet:-1, max-image-preview:large, max-video-preview:-1\" \/>\n<link rel=\"canonical\" href=\"https:\/\/www.silag.ch\/it\/il-gruppo-di-lavoro\/\" \/>\n<meta property=\"og:locale\" content=\"it_IT\" \/>\n<meta property=\"og:type\" content=\"article\" \/>\n<meta property=\"og:title\" content=\"il gruppo di lavoro - swiss laboratory for particle analysis in tissues\" \/>\n<meta property=\"og:url\" content=\"https:\/\/www.silag.ch\/it\/il-gruppo-di-lavoro\/\" \/>\n<meta property=\"og:site_name\" content=\"swiss laboratory for particle analysis in tissues\" \/>\n<meta property=\"article:modified_time\" content=\"2020-11-13T15:07:41+00:00\" \/>\n<meta name=\"twitter:card\" content=\"summary_large_image\" \/>\n<meta name=\"twitter:label1\" content=\"Tempo di lettura stimato\" \/>\n\t<meta name=\"twitter:data1\" content=\"5 minuti\" \/>\n<script type=\"application\/ld+json\" class=\"yoast-schema-graph\">{\"@context\":\"https:\/\/schema.org\",\"@graph\":[{\"@type\":\"WebPage\",\"@id\":\"https:\/\/www.silag.ch\/it\/il-gruppo-di-lavoro\/\",\"url\":\"https:\/\/www.silag.ch\/it\/il-gruppo-di-lavoro\/\",\"name\":\"il gruppo di lavoro - swiss laboratory for particle analysis in tissues\",\"isPartOf\":{\"@id\":\"https:\/\/www.silag.ch\/#website\"},\"datePublished\":\"2020-09-19T18:23:37+00:00\",\"dateModified\":\"2020-11-13T15:07:41+00:00\",\"breadcrumb\":{\"@id\":\"https:\/\/www.silag.ch\/it\/il-gruppo-di-lavoro\/#breadcrumb\"},\"inLanguage\":\"it-IT\",\"potentialAction\":[{\"@type\":\"ReadAction\",\"target\":[\"https:\/\/www.silag.ch\/it\/il-gruppo-di-lavoro\/\"]}]},{\"@type\":\"BreadcrumbList\",\"@id\":\"https:\/\/www.silag.ch\/it\/il-gruppo-di-lavoro\/#breadcrumb\",\"itemListElement\":[{\"@type\":\"ListItem\",\"position\":1,\"name\":\"Startseite\",\"item\":\"https:\/\/www.silag.ch\/it\/home\/\"},{\"@type\":\"ListItem\",\"position\":2,\"name\":\"il gruppo di lavoro\"}]},{\"@type\":\"WebSite\",\"@id\":\"https:\/\/www.silag.ch\/#website\",\"url\":\"https:\/\/www.silag.ch\/\",\"name\":\"swiss laboratory for particle analysis in tissues\",\"description\":\"\",\"potentialAction\":[{\"@type\":\"SearchAction\",\"target\":{\"@type\":\"EntryPoint\",\"urlTemplate\":\"https:\/\/www.silag.ch\/?s={search_term_string}\"},\"query-input\":{\"@type\":\"PropertyValueSpecification\",\"valueRequired\":true,\"valueName\":\"search_term_string\"}}],\"inLanguage\":\"it-IT\"}]}<\/script>\n<!-- \/ Yoast SEO plugin. -->","yoast_head_json":{"title":"il gruppo di lavoro - swiss laboratory for particle analysis in tissues","robots":{"index":"index","follow":"follow","max-snippet":"max-snippet:-1","max-image-preview":"max-image-preview:large","max-video-preview":"max-video-preview:-1"},"canonical":"https:\/\/www.silag.ch\/it\/il-gruppo-di-lavoro\/","og_locale":"it_IT","og_type":"article","og_title":"il gruppo di lavoro - swiss laboratory for particle analysis in tissues","og_url":"https:\/\/www.silag.ch\/it\/il-gruppo-di-lavoro\/","og_site_name":"swiss laboratory for particle analysis in tissues","article_modified_time":"2020-11-13T15:07:41+00:00","twitter_card":"summary_large_image","twitter_misc":{"Tempo di lettura stimato":"5 minuti"},"schema":{"@context":"https:\/\/schema.org","@graph":[{"@type":"WebPage","@id":"https:\/\/www.silag.ch\/it\/il-gruppo-di-lavoro\/","url":"https:\/\/www.silag.ch\/it\/il-gruppo-di-lavoro\/","name":"il gruppo di lavoro - swiss laboratory for particle analysis in tissues","isPartOf":{"@id":"https:\/\/www.silag.ch\/#website"},"datePublished":"2020-09-19T18:23:37+00:00","dateModified":"2020-11-13T15:07:41+00:00","breadcrumb":{"@id":"https:\/\/www.silag.ch\/it\/il-gruppo-di-lavoro\/#breadcrumb"},"inLanguage":"it-IT","potentialAction":[{"@type":"ReadAction","target":["https:\/\/www.silag.ch\/it\/il-gruppo-di-lavoro\/"]}]},{"@type":"BreadcrumbList","@id":"https:\/\/www.silag.ch\/it\/il-gruppo-di-lavoro\/#breadcrumb","itemListElement":[{"@type":"ListItem","position":1,"name":"Startseite","item":"https:\/\/www.silag.ch\/it\/home\/"},{"@type":"ListItem","position":2,"name":"il gruppo di lavoro"}]},{"@type":"WebSite","@id":"https:\/\/www.silag.ch\/#website","url":"https:\/\/www.silag.ch\/","name":"swiss laboratory for particle analysis in tissues","description":"","potentialAction":[{"@type":"SearchAction","target":{"@type":"EntryPoint","urlTemplate":"https:\/\/www.silag.ch\/?s={search_term_string}"},"query-input":{"@type":"PropertyValueSpecification","valueRequired":true,"valueName":"search_term_string"}}],"inLanguage":"it-IT"}]}},"_links":{"self":[{"href":"https:\/\/www.silag.ch\/it\/wp-json\/wp\/v2\/pages\/195","targetHints":{"allow":["GET"]}}],"collection":[{"href":"https:\/\/www.silag.ch\/it\/wp-json\/wp\/v2\/pages"}],"about":[{"href":"https:\/\/www.silag.ch\/it\/wp-json\/wp\/v2\/types\/page"}],"author":[{"embeddable":true,"href":"https:\/\/www.silag.ch\/it\/wp-json\/wp\/v2\/users\/1"}],"replies":[{"embeddable":true,"href":"https:\/\/www.silag.ch\/it\/wp-json\/wp\/v2\/comments?post=195"}],"version-history":[{"count":9,"href":"https:\/\/www.silag.ch\/it\/wp-json\/wp\/v2\/pages\/195\/revisions"}],"predecessor-version":[{"id":412,"href":"https:\/\/www.silag.ch\/it\/wp-json\/wp\/v2\/pages\/195\/revisions\/412"}],"wp:attachment":[{"href":"https:\/\/www.silag.ch\/it\/wp-json\/wp\/v2\/media?parent=195"}],"curies":[{"name":"wp","href":"https:\/\/api.w.org\/{rel}","templated":true}]}}