{"id":229,"date":"2020-10-06T11:41:53","date_gmt":"2020-10-06T11:41:53","guid":{"rendered":"https:\/\/www.silag.ch\/impressum\/"},"modified":"2021-01-29T12:40:19","modified_gmt":"2021-01-29T12:40:19","slug":"impressum","status":"publish","type":"page","link":"https:\/\/www.silag.ch\/fr\/impressum\/","title":{"rendered":"Mentions l\u00e9gales"},"content":{"rendered":"<section class=\"l-section wpb_row height_medium\"><div class=\"l-section-h i-cf\"><div class=\"g-cols vc_row via_flex valign_top type_default stacking_default\"><div class=\"vc_col-sm-12 wpb_column vc_column_container\"><div class=\"vc_column-inner\"><div class=\"wpb_wrapper\"><div class=\"wpb_text_column\"><div class=\"wpb_wrapper\"><h1 class=\"entry-title\">Mentions l\u00e9gales<\/h1>\n<div class=\"entry-content\">\n<p>Le site silag.ch est publi\u00e9 par l&rsquo;association Silag pour la recherche et le contr\u00f4le des maladies pulmonaires caus\u00e9es par les poussi\u00e8res inorganiques.<\/p>\n<h2>\u00c9diteur<\/h2>\n<p>Prof. Max W. Schmidt<br \/>\n<a href=\"http:\/\/www.geopetro.ethz.ch\/\">Institut f\u00fcr Geochemie und Petrologie<\/a><br \/>\nNW E 81.1<br \/>\nClausiusstrasse 25<br \/>\n8092 Z\u00fcrich<br \/>\nSchweiz<\/p>\n<p>+41 44 632 79 88<br \/>\n<a href=\"mailto:max.schmidt@erdw.ethz.ch\">max.schmidt@erdw.ethz.ch<\/a><\/p>\n<h2>Bureau de la r\u00e9daction<\/h2>\n<p>Dr. Barbara Kuhn<br \/>\n<a href=\"http:\/\/www.geopetro.ethz.ch\/\">Institut f\u00fcr Geochemie und Petrologie<\/a><br \/>\nNW D 76.3<br \/>\nClausiusstrasse 25<br \/>\n8092 Z\u00fcrich<br \/>\nSchweiz<\/p>\n<p>+41 44 632 65 81<br \/>\n<a href=\"mailto:barbara.kuhn@erdw.ethz.ch\">barbara.kuhn@erdw.ethz.ch<\/a><\/p>\n<h2>Responsabilit\u00e9 du syst\u00e8me<\/h2>\n<p>Le contact technique pour le site web est team8, <a href=\"https:\/\/team8.ch\/\" target=\"_blank\" rel=\"noopener noreferrer\">www.team8.ch<\/a><\/p>\n<h3>Contact<\/h3>\n<p>Staublungenlabor der silag<br \/>\nc\/o Universit\u00e4t Z\u00fcrich<br \/>\nZentrum f\u00fcr Mikroskopie und Bildanalyse<br \/>\nWinterthurerstr. 190<br \/>\n8057 Z\u00fcrich<\/p>\n<p>Tel: 079 552 53 99<br \/>\nE-Mail: silag@hin.ch<\/p>\n<\/div>\n<\/div><\/div><\/div><\/div><\/div><\/div><\/div><\/section>\n","protected":false},"excerpt":{"rendered":"Mentions l\u00e9gales Le site silag.ch est publi\u00e9 par l&rsquo;association Silag pour la recherche et le contr\u00f4le des maladies pulmonaires caus\u00e9es par les poussi\u00e8res inorganiques. \u00c9diteur Prof. Max W. Schmidt Institut f\u00fcr Geochemie und Petrologie NW E 81.1 Clausiusstrasse 25 8092 Z\u00fcrich Schweiz +41 44 632 79 88 max.schmidt@erdw.ethz.ch Bureau de la r\u00e9daction Dr. Barbara Kuhn...","protected":false},"author":1,"featured_media":0,"parent":0,"menu_order":0,"comment_status":"closed","ping_status":"closed","template":"","meta":{"footnotes":""},"class_list":["post-229","page","type-page","status-publish","hentry"],"yoast_head":"<!-- This site is optimized with the Yoast SEO plugin v26.9 - https:\/\/yoast.com\/product\/yoast-seo-wordpress\/ -->\n<title>Mentions l\u00e9gales - swiss laboratory for particle analysis in tissues<\/title>\n<meta name=\"robots\" content=\"index, follow, max-snippet:-1, max-image-preview:large, max-video-preview:-1\" \/>\n<link rel=\"canonical\" href=\"https:\/\/www.silag.ch\/fr\/impressum\/\" \/>\n<meta property=\"og:locale\" content=\"fr_FR\" \/>\n<meta property=\"og:type\" content=\"article\" \/>\n<meta property=\"og:title\" content=\"Mentions l\u00e9gales - swiss laboratory for particle analysis in tissues\" \/>\n<meta property=\"og:url\" content=\"https:\/\/www.silag.ch\/fr\/impressum\/\" \/>\n<meta property=\"og:site_name\" content=\"swiss laboratory for particle analysis in tissues\" \/>\n<meta property=\"article:modified_time\" content=\"2021-01-29T12:40:19+00:00\" \/>\n<meta name=\"twitter:card\" content=\"summary_large_image\" \/>\n<meta name=\"twitter:label1\" content=\"Dur\u00e9e de lecture estim\u00e9e\" \/>\n\t<meta name=\"twitter:data1\" content=\"1 minute\" \/>\n<script type=\"application\/ld+json\" class=\"yoast-schema-graph\">{\"@context\":\"https:\/\/schema.org\",\"@graph\":[{\"@type\":\"WebPage\",\"@id\":\"https:\/\/www.silag.ch\/fr\/impressum\/\",\"url\":\"https:\/\/www.silag.ch\/fr\/impressum\/\",\"name\":\"Mentions l\u00e9gales - swiss laboratory for particle analysis in tissues\",\"isPartOf\":{\"@id\":\"https:\/\/www.silag.ch\/#website\"},\"datePublished\":\"2020-10-06T11:41:53+00:00\",\"dateModified\":\"2021-01-29T12:40:19+00:00\",\"breadcrumb\":{\"@id\":\"https:\/\/www.silag.ch\/fr\/impressum\/#breadcrumb\"},\"inLanguage\":\"fr-FR\",\"potentialAction\":[{\"@type\":\"ReadAction\",\"target\":[\"https:\/\/www.silag.ch\/fr\/impressum\/\"]}]},{\"@type\":\"BreadcrumbList\",\"@id\":\"https:\/\/www.silag.ch\/fr\/impressum\/#breadcrumb\",\"itemListElement\":[{\"@type\":\"ListItem\",\"position\":1,\"name\":\"Startseite\",\"item\":\"https:\/\/www.silag.ch\/fr\/\"},{\"@type\":\"ListItem\",\"position\":2,\"name\":\"Mentions l\u00e9gales\"}]},{\"@type\":\"WebSite\",\"@id\":\"https:\/\/www.silag.ch\/#website\",\"url\":\"https:\/\/www.silag.ch\/\",\"name\":\"swiss laboratory for particle analysis in tissues\",\"description\":\"\",\"potentialAction\":[{\"@type\":\"SearchAction\",\"target\":{\"@type\":\"EntryPoint\",\"urlTemplate\":\"https:\/\/www.silag.ch\/?s={search_term_string}\"},\"query-input\":{\"@type\":\"PropertyValueSpecification\",\"valueRequired\":true,\"valueName\":\"search_term_string\"}}],\"inLanguage\":\"fr-FR\"}]}<\/script>\n<!-- \/ Yoast SEO plugin. -->","yoast_head_json":{"title":"Mentions l\u00e9gales - swiss laboratory for particle analysis in tissues","robots":{"index":"index","follow":"follow","max-snippet":"max-snippet:-1","max-image-preview":"max-image-preview:large","max-video-preview":"max-video-preview:-1"},"canonical":"https:\/\/www.silag.ch\/fr\/impressum\/","og_locale":"fr_FR","og_type":"article","og_title":"Mentions l\u00e9gales - swiss laboratory for particle analysis in tissues","og_url":"https:\/\/www.silag.ch\/fr\/impressum\/","og_site_name":"swiss laboratory for particle analysis in tissues","article_modified_time":"2021-01-29T12:40:19+00:00","twitter_card":"summary_large_image","twitter_misc":{"Dur\u00e9e de lecture estim\u00e9e":"1 minute"},"schema":{"@context":"https:\/\/schema.org","@graph":[{"@type":"WebPage","@id":"https:\/\/www.silag.ch\/fr\/impressum\/","url":"https:\/\/www.silag.ch\/fr\/impressum\/","name":"Mentions l\u00e9gales - swiss laboratory for particle analysis in tissues","isPartOf":{"@id":"https:\/\/www.silag.ch\/#website"},"datePublished":"2020-10-06T11:41:53+00:00","dateModified":"2021-01-29T12:40:19+00:00","breadcrumb":{"@id":"https:\/\/www.silag.ch\/fr\/impressum\/#breadcrumb"},"inLanguage":"fr-FR","potentialAction":[{"@type":"ReadAction","target":["https:\/\/www.silag.ch\/fr\/impressum\/"]}]},{"@type":"BreadcrumbList","@id":"https:\/\/www.silag.ch\/fr\/impressum\/#breadcrumb","itemListElement":[{"@type":"ListItem","position":1,"name":"Startseite","item":"https:\/\/www.silag.ch\/fr\/"},{"@type":"ListItem","position":2,"name":"Mentions l\u00e9gales"}]},{"@type":"WebSite","@id":"https:\/\/www.silag.ch\/#website","url":"https:\/\/www.silag.ch\/","name":"swiss laboratory for particle analysis in tissues","description":"","potentialAction":[{"@type":"SearchAction","target":{"@type":"EntryPoint","urlTemplate":"https:\/\/www.silag.ch\/?s={search_term_string}"},"query-input":{"@type":"PropertyValueSpecification","valueRequired":true,"valueName":"search_term_string"}}],"inLanguage":"fr-FR"}]}},"_links":{"self":[{"href":"https:\/\/www.silag.ch\/fr\/wp-json\/wp\/v2\/pages\/229","targetHints":{"allow":["GET"]}}],"collection":[{"href":"https:\/\/www.silag.ch\/fr\/wp-json\/wp\/v2\/pages"}],"about":[{"href":"https:\/\/www.silag.ch\/fr\/wp-json\/wp\/v2\/types\/page"}],"author":[{"embeddable":true,"href":"https:\/\/www.silag.ch\/fr\/wp-json\/wp\/v2\/users\/1"}],"replies":[{"embeddable":true,"href":"https:\/\/www.silag.ch\/fr\/wp-json\/wp\/v2\/comments?post=229"}],"version-history":[{"count":5,"href":"https:\/\/www.silag.ch\/fr\/wp-json\/wp\/v2\/pages\/229\/revisions"}],"predecessor-version":[{"id":445,"href":"https:\/\/www.silag.ch\/fr\/wp-json\/wp\/v2\/pages\/229\/revisions\/445"}],"wp:attachment":[{"href":"https:\/\/www.silag.ch\/fr\/wp-json\/wp\/v2\/media?parent=229"}],"curies":[{"name":"wp","href":"https:\/\/api.w.org\/{rel}","templated":true}]}}