{"id":189,"date":"2020-09-19T18:24:10","date_gmt":"2020-09-19T18:24:10","guid":{"rendered":"https:\/\/www.silag.ch\/angebot\/"},"modified":"2026-02-26T08:19:13","modified_gmt":"2026-02-26T07:19:13","slug":"offre","status":"publish","type":"page","link":"https:\/\/www.silag.ch\/fr\/offre\/","title":{"rendered":"Offre"},"content":{"rendered":"<section class=\"l-section wpb_row height_medium with_img\"><div class=\"l-section-img\" role=\"img\" aria-label=\"Image\" data-img-width=\"1350\" data-img-height=\"900\" style=\"background-image: url(https:\/\/www.silag.ch\/wp-content\/uploads\/2020\/09\/photo-1567427018141-0584cfcbf1b8.jpg);background-position: bottom center;background-repeat: no-repeat;\"><\/div><div class=\"l-section-h i-cf\"><div class=\"g-cols vc_row via_flex valign_top type_default stacking_default\"><div class=\"vc_col-sm-12 wpb_column vc_column_container\"><div class=\"vc_column-inner\"><div class=\"wpb_wrapper\"><div class=\"ult-spacer spacer-69e37e8b400fc\" data-id=\"69e37e8b400fc\" data-height=\"500\" data-height-mobile=\"200\" data-height-tab=\"400\" data-height-tab-portrait=\"400\" data-height-mobile-landscape=\"300\" style=\"clear:both;display:block;\"><\/div><\/div><\/div><\/div><\/div><\/div><\/section><section class=\"l-section wpb_row height_medium\"><div class=\"l-section-h i-cf\"><div class=\"g-cols vc_row via_flex valign_top type_default stacking_default\"><div class=\"vc_col-sm-12 wpb_column vc_column_container\"><div class=\"vc_column-inner\"><div class=\"wpb_wrapper\"><div class=\"wpb_text_column\"><div class=\"wpb_wrapper\"><h1>Offre<\/h1>\n<p>Nos offres sont des analyses sp\u00e9ciales hors listes et ne sont donc pas rembours\u00e9es par l&rsquo;assurance maladie. Il est recommand\u00e9 d\u2019obtenir devis pr\u00e9alable.<\/p>\n<\/div><\/div><\/div><\/div><\/div><\/div><\/div><\/section><section class=\"l-section wpb_row height_medium\" id=\"1\"><div class=\"l-section-h i-cf\"><div class=\"g-cols vc_row via_flex valign_middle type_default stacking_default\"><div class=\"vc_col-sm-8 wpb_column vc_column_container\"><div class=\"vc_column-inner\"><div class=\"wpb_wrapper\"><div class=\"wpb_text_column\"><div class=\"wpb_wrapper\"><h2>Analyse de particules inorganiques ou de fibres dans le <strong>tissu pulmonaire<\/strong><\/h2>\n<p>Co\u00fbts: 2000.00 CHF<\/p>\n<ul>\n<li>\u00e9chantillons de tissus fix\u00e9s \u00e0 la formaline<\/li>\n<li>\u00e9chantillons de tissus inclus en paraffine<\/li>\n<li>\u00e9chantillons de tissus lyophilis\u00e9s<\/li>\n<li>coupes histologiques<\/li>\n<\/ul>\n<p>Si, pour des raisons techniques, l&rsquo;analyse des poussi\u00e8res n&rsquo;est pas possible, le mat\u00e9riau soumis sera \u00e9valu\u00e9 et les prestations seront factur\u00e9es selon TARMED.<\/p>\n<p><strong>Envoyer l\u2019\u00e9chantillon avec le <u>formulaire<\/u> compl\u00e9t\u00e9 \u00e0:<\/strong><\/p>\n<p>zHd. Dr. med. J. R\u00fcschoff<br \/>\nInstitut f\u00fcr Pathologie und Molekularpathologie<br \/>\nUniversit\u00e4tsSpital Z\u00fcrich<br \/>\nSchmelzbergstr. 12<br \/>\n8091 Z\u00fcrich<\/p>\n<\/div><\/div><div class=\"w-btn-wrapper align_none\"><a class=\"w-btn us-btn-style_1 icon_atleft\" target=\"_blank\" rel=\"nofollow\" href=\"https:\/\/www.silag.ch\/wp-content\/uploads\/2021\/12\/Gewebe_fr-1.pdf\"><i class=\"far fa-file-pdf\"><\/i><span class=\"w-btn-label\">T\u00e9l\u00e9charger le formulaire<\/span><\/a><\/div><\/div><\/div><\/div><div class=\"vc_col-sm-4 wpb_column vc_column_container\"><div class=\"vc_column-inner\"><div class=\"wpb_wrapper\"><div class=\"w-image style_shadow-1 align_none\"><div class=\"w-image-h\"><img decoding=\"async\" width=\"1024\" height=\"1024\" src=\"https:\/\/www.silag.ch\/wp-content\/uploads\/2020\/11\/Angebot_Fasern-1024x1024.jpg\" class=\"attachment-large size-large\" alt=\"\" loading=\"lazy\" srcset=\"https:\/\/www.silag.ch\/wp-content\/uploads\/2020\/11\/Angebot_Fasern-1024x1024.jpg 1024w, https:\/\/www.silag.ch\/wp-content\/uploads\/2020\/11\/Angebot_Fasern-300x300.jpg 300w, https:\/\/www.silag.ch\/wp-content\/uploads\/2020\/11\/Angebot_Fasern-150x150.jpg 150w, https:\/\/www.silag.ch\/wp-content\/uploads\/2020\/11\/Angebot_Fasern.jpg 1200w\" sizes=\"auto, (max-width: 1024px) 100vw, 1024px\" \/><\/div><\/div><div class=\"wpb_text_column\"><div class=\"wpb_wrapper\"><p>Asbestfaser-Analyse<\/p>\n<\/div><\/div><\/div><\/div><\/div><\/div><\/div><\/section><section class=\"l-section wpb_row height_medium\" id=\"2\"><div class=\"l-section-h i-cf\"><div class=\"g-cols vc_row via_flex valign_middle type_default stacking_default\"><div class=\"vc_col-sm-8 wpb_column vc_column_container\"><div class=\"vc_column-inner\"><div class=\"wpb_wrapper\"><div class=\"wpb_text_column\"><div class=\"wpb_wrapper\"><h2>Analyse de particules inorganiques ou de fibres dans le liquid de <strong>LBA<\/strong><\/h2>\n<p>Co\u00fbts: 500.00 CHF<\/p>\n<ul>\n<li>au moins 30 ml de liquide de LBA + 10 ml NaOCl (12%)<\/li>\n<li>pas de filtration!<\/li>\n<\/ul>\n<p><strong>Envoyer l\u2019\u00e9chantillon avec le <u>formulaire<\/u> compl\u00e9t\u00e9 \u00e0:<\/strong><\/p>\n<p>Dr. sc. nat. ETH Barbara Kuhn<br \/>\nFrau J.Traber<br \/>\nStaublungenlabor der silag<br \/>\nc\/o Universit\u00e4t Z\u00fcrich<br \/>\nZentrum f\u00fcr Mikroskopie und Bildanalyse<br \/>\nWinterthurerstr. 190<br \/>\n8057 Z\u00fcrich<\/p>\n<\/div><\/div><div class=\"w-btn-wrapper align_none\"><a class=\"w-btn us-btn-style_1 icon_atleft\" target=\"_blank\" rel=\"nofollow\" href=\"https:\/\/www.silag.ch\/wp-content\/uploads\/2024\/07\/BAL_fr.pdf\"><i class=\"far fa-file-pdf\"><\/i><span class=\"w-btn-label\">T\u00e9l\u00e9charger le formulaire<\/span><\/a><\/div><\/div><\/div><\/div><div class=\"vc_col-sm-4 wpb_column vc_column_container\"><div class=\"vc_column-inner\"><div class=\"wpb_wrapper\"><div class=\"w-image style_shadow-1 align_none\"><div class=\"w-image-h\"><img decoding=\"async\" width=\"1024\" height=\"1024\" src=\"https:\/\/www.silag.ch\/wp-content\/uploads\/2020\/11\/Angebot_partikelanalyse-1024x1024.jpg\" class=\"attachment-large size-large\" alt=\"\" loading=\"lazy\" srcset=\"https:\/\/www.silag.ch\/wp-content\/uploads\/2020\/11\/Angebot_partikelanalyse-1024x1024.jpg 1024w, https:\/\/www.silag.ch\/wp-content\/uploads\/2020\/11\/Angebot_partikelanalyse-300x300.jpg 300w, https:\/\/www.silag.ch\/wp-content\/uploads\/2020\/11\/Angebot_partikelanalyse-150x150.jpg 150w, https:\/\/www.silag.ch\/wp-content\/uploads\/2020\/11\/Angebot_partikelanalyse.jpg 1200w\" sizes=\"auto, (max-width: 1024px) 100vw, 1024px\" \/><\/div><\/div><div class=\"wpb_text_column\"><div class=\"wpb_wrapper\"><p>Partikel-Analyse<\/p>\n<\/div><\/div><\/div><\/div><\/div><\/div><\/div><\/section><section class=\"l-section wpb_row height_medium\" id=\"3\"><div class=\"l-section-h i-cf\"><div class=\"g-cols vc_row via_flex valign_middle type_default stacking_default\"><div class=\"vc_col-sm-8 wpb_column vc_column_container\"><div class=\"vc_column-inner\"><div class=\"wpb_wrapper\"><div class=\"wpb_text_column\"><div class=\"wpb_wrapper\"><h2>Compatge des corps ferrugineux dans le liquide de <strong>LBA<\/strong><\/h2>\n<p>Co\u00fbts: 250.00 CHF<\/p>\n<ul>\n<li>au moins 30 ml de liquide de LBA + 10 ml NaOCl (12%)<\/li>\n<li>pas de filtration!<\/li>\n<\/ul>\n<p><strong>Envoyer l\u2019\u00e9chantillon avec le <u>formulaire<\/u> compl\u00e9t\u00e9 \u00e0:<\/strong><\/p>\n<p>Dr. sc. nat. ETH Barbara Kuhn<br \/>\nFrau J.Traber<br \/>\nStaublungenlabor der silag<br \/>\nc\/o Universit\u00e4t Z\u00fcrich<br \/>\nZentrum f\u00fcr Mikroskopie und Bildanalyse<br \/>\nWinterthurerstr. 190<br \/>\n8057 Z\u00fcrich<\/p>\n<\/div><\/div><div class=\"w-btn-wrapper align_none\"><a class=\"w-btn us-btn-style_1 icon_atleft\" target=\"_blank\" rel=\"nofollow\" href=\"https:\/\/www.silag.ch\/wp-content\/uploads\/2024\/07\/BAL_fr.pdf\"><i class=\"far fa-file-pdf\"><\/i><span class=\"w-btn-label\">T\u00e9l\u00e9charger le formulaire<\/span><\/a><\/div><\/div><\/div><\/div><div class=\"vc_col-sm-4 wpb_column vc_column_container\"><div class=\"vc_column-inner\"><div class=\"wpb_wrapper\"><div class=\"w-image style_shadow-1 align_none\"><div class=\"w-image-h\"><img decoding=\"async\" width=\"1024\" height=\"1024\" src=\"https:\/\/www.silag.ch\/wp-content\/uploads\/2020\/11\/Angebot_FBs-1024x1024.jpg\" class=\"attachment-large size-large\" alt=\"\" loading=\"lazy\" srcset=\"https:\/\/www.silag.ch\/wp-content\/uploads\/2020\/11\/Angebot_FBs-1024x1024.jpg 1024w, https:\/\/www.silag.ch\/wp-content\/uploads\/2020\/11\/Angebot_FBs-300x300.jpg 300w, https:\/\/www.silag.ch\/wp-content\/uploads\/2020\/11\/Angebot_FBs-150x150.jpg 150w, https:\/\/www.silag.ch\/wp-content\/uploads\/2020\/11\/Angebot_FBs.jpg 1200w\" sizes=\"auto, (max-width: 1024px) 100vw, 1024px\" \/><\/div><\/div><div class=\"wpb_text_column\"><div class=\"wpb_wrapper\"><p>Ferruginous Body Z\u00e4hlung<\/p>\n<\/div><\/div><\/div><\/div><\/div><\/div><\/div><\/section><section class=\"l-section wpb_row height_medium\" id=\"4\"><div class=\"l-section-h i-cf\"><div class=\"g-cols vc_row via_flex valign_top type_default stacking_default\"><div class=\"vc_col-sm-12 wpb_column vc_column_container\"><div class=\"vc_column-inner\"><div class=\"wpb_wrapper\"><div class=\"wpb_text_column\"><div class=\"wpb_wrapper\"><h2><span>Ordre de commande de solutions concentr\u00e9e de NaOCl<\/span><\/h2>\n<p><span>Seulement pour adresses en Suisse, veuillez remplir tous les champs.<\/span><\/p>\n<\/div><\/div><form class=\"w-form  us-field-style_1 layout_ver show_message_after_sending for_cform us_form_1\" action=\"https:\/\/www.silag.ch\/fr\/wp-json\/wp\/v2\/pages\/189\" method=\"post\"><div class=\"w-form-h\"><div class=\"w-form-row for_text required\">\r\n\t\t<div class=\"w-form-row-field\">\r\n\t\t\t\t\t\t<input aria-label=\"Quantit\u00e9 de NaOCl concentr\u00e9 en ml\" type=\"text\" name=\"us_form_1_text_1\" value placeholder=\"Quantit\u00e9 de NaOCl concentr\u00e9 en ml *\" data-required=\"true\" aria-required=\"true\"\/>\r\n\t\t\t<\/div>\r\n\t\t<div class=\"w-form-row-state\">Vous devez remplir ce champ<\/div>\r\n<\/div>\r\n<div class=\"w-form-row for_text required cols_2\">\r\n\t\t<div class=\"w-form-row-field\">\r\n\t\t\t\t\t\t<input aria-label=\"Nom\" type=\"text\" name=\"us_form_1_text_2\" value placeholder=\"Nom *\" data-required=\"true\" aria-required=\"true\"\/>\r\n\t\t\t<\/div>\r\n\t\t<div class=\"w-form-row-state\">Vous devez remplir ce champ<\/div>\r\n<\/div>\r\n<div class=\"w-form-row for_text required cols_2\">\r\n\t\t<div class=\"w-form-row-field\">\r\n\t\t\t\t\t\t<input aria-label=\"Pr\u00e9nom\" type=\"text\" name=\"us_form_1_text_3\" value placeholder=\"Pr\u00e9nom *\" data-required=\"true\" aria-required=\"true\"\/>\r\n\t\t\t<\/div>\r\n\t\t<div class=\"w-form-row-state\">Vous devez remplir ce champ<\/div>\r\n<\/div>\r\n<div class=\"w-form-row for_text required cols_2\">\r\n\t\t<div class=\"w-form-row-field\">\r\n\t\t\t\t\t\t<input aria-label=\"Address\" type=\"text\" name=\"us_form_1_text_4\" value placeholder=\"Address *\" data-required=\"true\" aria-required=\"true\"\/>\r\n\t\t\t<\/div>\r\n\t\t<div class=\"w-form-row-state\">Vous devez remplir ce champ<\/div>\r\n<\/div>\r\n<div class=\"w-form-row for_text required cols_2\">\r\n\t\t<div class=\"w-form-row-field\">\r\n\t\t\t\t\t\t<input aria-label=\"code postal\/ville\" type=\"text\" name=\"us_form_1_text_5\" value placeholder=\"code postal\/ville *\" data-required=\"true\" aria-required=\"true\"\/>\r\n\t\t\t<\/div>\r\n\t\t<div class=\"w-form-row-state\">Vous devez remplir ce champ<\/div>\r\n<\/div>\r\n<div class=\"w-form-row for_text required cols_2\">\r\n\t\t<div class=\"w-form-row-field\">\r\n\t\t\t\t\t\t<input aria-label=\"T\u00e9l\/Mobile\" type=\"text\" name=\"us_form_1_text_6\" value placeholder=\"T\u00e9l\/Mobile *\" data-required=\"true\" aria-required=\"true\"\/>\r\n\t\t\t<\/div>\r\n\t\t<div class=\"w-form-row-state\">Vous devez remplir ce champ<\/div>\r\n<\/div>\r\n<div class=\"w-form-row for_email cols_2\">\r\n\t\t<div class=\"w-form-row-field\">\r\n\t\t\t\t\t\t<input aria-label=\"E-Mail\" type=\"email\" name=\"us_form_1_email_1\" value placeholder=\"E-Mail\"\/>\r\n\t\t\t<\/div>\r\n\t\t<div class=\"w-form-row-state\">Veuillez saisir une adresse e-mail valide.<\/div>\r\n<\/div>\r\n<div class=\"w-form-row for_textarea\">\r\n\t\t<div class=\"w-form-row-field\">\r\n\t\t\t\t\t\t<textarea aria-label=\"Commentaire\" name=\"us_form_1_textarea_1\" placeholder=\"Commentaire\"><\/textarea>\r\n\t\t\t<\/div>\r\n\t\t<div class=\"w-form-row-state\">Vous devez remplir ce champ<\/div>\r\n<\/div>\r\n<input type=\"hidden\" name=\"action\" value=\"us_ajax_cform\" \/>\r\n<input type=\"hidden\" name=\"post_id\" value=\"0\" \/>\r\n<input type=\"hidden\" name=\"form_index\" value=\"1\" \/>\r\n<div class=\"w-form-row for_submit align_none\">\r\n\t<button class=\"w-btn  us-btn-style_1\" aria-label=\"commander\" type=\"submit\">\r\n\t\t<span class=\"g-preloader type_1\"><\/span>\r\n\t\t\t\t<span class=\"w-btn-label\">commander<\/span>\r\n\t\t\t<\/button>\r\n\t<\/div>\r\n<\/div><div class=\"w-form-message\"><\/div><div class=\"w-form-json hidden\" onclick='return {&quot;ajaxurl&quot;:&quot;https:\\\/\\\/www.silag.ch\\\/wp-admin\\\/admin-ajax.php&quot;,&quot;messages&quot;:{&quot;err_empty&quot;:&quot;Vous devez remplir ce champ&quot;,&quot;err_size&quot;:&quot;La taille du fichier ne peut pas d\\u00e9passer %s Mo&quot;,&quot;err_extension&quot;:&quot;Le type de fichier %s n&#039;est pas autoris\\u00e9&quot;,&quot;err_recaptcha_keys&quot;:&quot;Les cl\\u00e9s reCAPTCHA sont incorrectes&quot;}}'><\/div><\/form><\/div><\/div><\/div><\/div><\/div><\/section><section class=\"l-section wpb_row height_medium\" id=\"5\"><div class=\"l-section-h i-cf\"><div class=\"g-cols vc_row via_flex valign_top type_default stacking_default\"><div class=\"vc_col-sm-12 wpb_column vc_column_container\"><div class=\"vc_column-inner\"><div class=\"wpb_wrapper\"><div class=\"wpb_text_column\"><div class=\"wpb_wrapper\"><h2>Exemples de fibres<\/h2>\n<\/div><\/div><div class=\"g-cols wpb_row via_flex valign_top type_default stacking_default\"><div class=\"vc_col-sm-4 wpb_column vc_column_container\"><div class=\"vc_column-inner\"><div class=\"wpb_wrapper\"><div class=\"wpb_text_column\"><div class=\"wpb_wrapper\"><h3>Crocidolite<\/h3>\n<\/div><\/div><div class=\"w-image align_none\"><div class=\"w-image-h\"><img decoding=\"async\" width=\"1024\" height=\"907\" src=\"https:\/\/www.silag.ch\/wp-content\/uploads\/2020\/09\/faserbeispiele-crocidolite-1024x907-1.jpg\" class=\"attachment-large size-large\" alt=\"\" loading=\"lazy\" srcset=\"https:\/\/www.silag.ch\/wp-content\/uploads\/2020\/09\/faserbeispiele-crocidolite-1024x907-1.jpg 1024w, https:\/\/www.silag.ch\/wp-content\/uploads\/2020\/09\/faserbeispiele-crocidolite-1024x907-1-300x266.jpg 300w\" sizes=\"auto, (max-width: 1024px) 100vw, 1024px\" \/><\/div><\/div><div class=\"wpb_text_column\"><div class=\"wpb_wrapper\"><p>Riebeckite Na<sub>2<\/sub>(Mg,Fe<sup>2+<\/sup>)<sub>3<\/sub>Fe<sup>3+<\/sup><sub>2<\/sub>Si<sub>8<\/sub>O<sub>22<\/sub>(OH)<sub>2<\/sub><\/p>\n<\/div><\/div><\/div><\/div><\/div><div class=\"vc_col-sm-4 wpb_column vc_column_container\"><div class=\"vc_column-inner\"><div class=\"wpb_wrapper\"><div class=\"wpb_text_column\"><div class=\"wpb_wrapper\"><h3>Amosite<\/h3>\n<\/div><\/div><div class=\"w-image align_none\"><div class=\"w-image-h\"><img decoding=\"async\" width=\"1024\" height=\"905\" src=\"https:\/\/www.silag.ch\/wp-content\/uploads\/2020\/09\/faserbeispiele-amosite-1024x905-1.jpg\" class=\"attachment-large size-large\" alt=\"\" loading=\"lazy\" srcset=\"https:\/\/www.silag.ch\/wp-content\/uploads\/2020\/09\/faserbeispiele-amosite-1024x905-1.jpg 1024w, https:\/\/www.silag.ch\/wp-content\/uploads\/2020\/09\/faserbeispiele-amosite-1024x905-1-300x265.jpg 300w\" sizes=\"auto, (max-width: 1024px) 100vw, 1024px\" \/><\/div><\/div><div class=\"wpb_text_column\"><div class=\"wpb_wrapper\"><p>Grunerite \u2013 Cummingtonite\u00a0(Mg,Fe<sup>2+<\/sup>)<sub>7<\/sub>Si<sub>8<\/sub>O<sub>22<\/sub>(OH)<sub>2<\/sub><\/p>\n<\/div><\/div><\/div><\/div><\/div><div class=\"vc_col-sm-4 wpb_column vc_column_container\"><div class=\"vc_column-inner\"><div class=\"wpb_wrapper\"><div class=\"wpb_text_column\"><div class=\"wpb_wrapper\"><h3>Chrysotile<\/h3>\n<\/div><\/div><div class=\"w-image align_none\"><div class=\"w-image-h\"><img decoding=\"async\" width=\"1024\" height=\"907\" src=\"https:\/\/www.silag.ch\/wp-content\/uploads\/2020\/09\/faserbeispiele-chrysotile-1024x907-1.jpg\" class=\"attachment-large size-large\" alt=\"\" loading=\"lazy\" srcset=\"https:\/\/www.silag.ch\/wp-content\/uploads\/2020\/09\/faserbeispiele-chrysotile-1024x907-1.jpg 1024w, https:\/\/www.silag.ch\/wp-content\/uploads\/2020\/09\/faserbeispiele-chrysotile-1024x907-1-300x266.jpg 300w\" sizes=\"auto, (max-width: 1024px) 100vw, 1024px\" \/><\/div><\/div><div class=\"wpb_text_column\"><div class=\"wpb_wrapper\"><p>Serpentine Mg<sub>3<\/sub>Si<sub>2<\/sub>O<sub>5<\/sub>(OH)<sub>4<\/sub><\/p>\n<\/div><\/div><\/div><\/div><\/div><\/div><\/div><\/div><\/div><\/div><\/div><\/section>\n","protected":false},"excerpt":{"rendered":"Offre Nos offres sont des analyses sp\u00e9ciales hors listes et ne sont donc pas rembours\u00e9es par l&rsquo;assurance maladie. Il est recommand\u00e9 d\u2019obtenir devis pr\u00e9alable. Analyse de particules inorganiques ou de fibres dans le tissu pulmonaire Co\u00fbts: 2000.00 CHF \u00e9chantillons de tissus fix\u00e9s \u00e0 la formaline \u00e9chantillons de tissus inclus en paraffine \u00e9chantillons de tissus lyophilis\u00e9s...","protected":false},"author":1,"featured_media":0,"parent":0,"menu_order":0,"comment_status":"closed","ping_status":"closed","template":"","meta":{"footnotes":""},"class_list":["post-189","page","type-page","status-publish","hentry"],"yoast_head":"<!-- This site is optimized with the Yoast SEO plugin v26.9 - https:\/\/yoast.com\/product\/yoast-seo-wordpress\/ -->\n<title>Offre - swiss laboratory for particle analysis in tissues<\/title>\n<meta name=\"robots\" content=\"index, follow, max-snippet:-1, max-image-preview:large, max-video-preview:-1\" \/>\n<link rel=\"canonical\" href=\"https:\/\/www.silag.ch\/fr\/offre\/\" \/>\n<meta property=\"og:locale\" content=\"fr_FR\" \/>\n<meta property=\"og:type\" content=\"article\" \/>\n<meta property=\"og:title\" content=\"Offre - swiss laboratory for particle analysis in tissues\" \/>\n<meta property=\"og:url\" content=\"https:\/\/www.silag.ch\/fr\/offre\/\" \/>\n<meta property=\"og:site_name\" content=\"swiss laboratory for particle analysis in tissues\" \/>\n<meta property=\"article:modified_time\" content=\"2026-02-26T07:19:13+00:00\" \/>\n<meta name=\"twitter:card\" content=\"summary_large_image\" \/>\n<meta name=\"twitter:label1\" content=\"Dur\u00e9e de lecture estim\u00e9e\" \/>\n\t<meta name=\"twitter:data1\" content=\"2 minutes\" \/>\n<script type=\"application\/ld+json\" class=\"yoast-schema-graph\">{\"@context\":\"https:\/\/schema.org\",\"@graph\":[{\"@type\":\"WebPage\",\"@id\":\"https:\/\/www.silag.ch\/fr\/offre\/\",\"url\":\"https:\/\/www.silag.ch\/fr\/offre\/\",\"name\":\"Offre - swiss laboratory for particle analysis in tissues\",\"isPartOf\":{\"@id\":\"https:\/\/www.silag.ch\/#website\"},\"datePublished\":\"2020-09-19T18:24:10+00:00\",\"dateModified\":\"2026-02-26T07:19:13+00:00\",\"breadcrumb\":{\"@id\":\"https:\/\/www.silag.ch\/fr\/offre\/#breadcrumb\"},\"inLanguage\":\"fr-FR\",\"potentialAction\":[{\"@type\":\"ReadAction\",\"target\":[\"https:\/\/www.silag.ch\/fr\/offre\/\"]}]},{\"@type\":\"BreadcrumbList\",\"@id\":\"https:\/\/www.silag.ch\/fr\/offre\/#breadcrumb\",\"itemListElement\":[{\"@type\":\"ListItem\",\"position\":1,\"name\":\"Startseite\",\"item\":\"https:\/\/www.silag.ch\/fr\/\"},{\"@type\":\"ListItem\",\"position\":2,\"name\":\"Offre\"}]},{\"@type\":\"WebSite\",\"@id\":\"https:\/\/www.silag.ch\/#website\",\"url\":\"https:\/\/www.silag.ch\/\",\"name\":\"swiss laboratory for particle analysis in tissues\",\"description\":\"\",\"potentialAction\":[{\"@type\":\"SearchAction\",\"target\":{\"@type\":\"EntryPoint\",\"urlTemplate\":\"https:\/\/www.silag.ch\/?s={search_term_string}\"},\"query-input\":{\"@type\":\"PropertyValueSpecification\",\"valueRequired\":true,\"valueName\":\"search_term_string\"}}],\"inLanguage\":\"fr-FR\"}]}<\/script>\n<!-- \/ Yoast SEO plugin. -->","yoast_head_json":{"title":"Offre - swiss laboratory for particle analysis in tissues","robots":{"index":"index","follow":"follow","max-snippet":"max-snippet:-1","max-image-preview":"max-image-preview:large","max-video-preview":"max-video-preview:-1"},"canonical":"https:\/\/www.silag.ch\/fr\/offre\/","og_locale":"fr_FR","og_type":"article","og_title":"Offre - swiss laboratory for particle analysis in tissues","og_url":"https:\/\/www.silag.ch\/fr\/offre\/","og_site_name":"swiss laboratory for particle analysis in tissues","article_modified_time":"2026-02-26T07:19:13+00:00","twitter_card":"summary_large_image","twitter_misc":{"Dur\u00e9e de lecture estim\u00e9e":"2 minutes"},"schema":{"@context":"https:\/\/schema.org","@graph":[{"@type":"WebPage","@id":"https:\/\/www.silag.ch\/fr\/offre\/","url":"https:\/\/www.silag.ch\/fr\/offre\/","name":"Offre - swiss laboratory for particle analysis in tissues","isPartOf":{"@id":"https:\/\/www.silag.ch\/#website"},"datePublished":"2020-09-19T18:24:10+00:00","dateModified":"2026-02-26T07:19:13+00:00","breadcrumb":{"@id":"https:\/\/www.silag.ch\/fr\/offre\/#breadcrumb"},"inLanguage":"fr-FR","potentialAction":[{"@type":"ReadAction","target":["https:\/\/www.silag.ch\/fr\/offre\/"]}]},{"@type":"BreadcrumbList","@id":"https:\/\/www.silag.ch\/fr\/offre\/#breadcrumb","itemListElement":[{"@type":"ListItem","position":1,"name":"Startseite","item":"https:\/\/www.silag.ch\/fr\/"},{"@type":"ListItem","position":2,"name":"Offre"}]},{"@type":"WebSite","@id":"https:\/\/www.silag.ch\/#website","url":"https:\/\/www.silag.ch\/","name":"swiss laboratory for particle analysis in tissues","description":"","potentialAction":[{"@type":"SearchAction","target":{"@type":"EntryPoint","urlTemplate":"https:\/\/www.silag.ch\/?s={search_term_string}"},"query-input":{"@type":"PropertyValueSpecification","valueRequired":true,"valueName":"search_term_string"}}],"inLanguage":"fr-FR"}]}},"_links":{"self":[{"href":"https:\/\/www.silag.ch\/fr\/wp-json\/wp\/v2\/pages\/189","targetHints":{"allow":["GET"]}}],"collection":[{"href":"https:\/\/www.silag.ch\/fr\/wp-json\/wp\/v2\/pages"}],"about":[{"href":"https:\/\/www.silag.ch\/fr\/wp-json\/wp\/v2\/types\/page"}],"author":[{"embeddable":true,"href":"https:\/\/www.silag.ch\/fr\/wp-json\/wp\/v2\/users\/1"}],"replies":[{"embeddable":true,"href":"https:\/\/www.silag.ch\/fr\/wp-json\/wp\/v2\/comments?post=189"}],"version-history":[{"count":23,"href":"https:\/\/www.silag.ch\/fr\/wp-json\/wp\/v2\/pages\/189\/revisions"}],"predecessor-version":[{"id":644,"href":"https:\/\/www.silag.ch\/fr\/wp-json\/wp\/v2\/pages\/189\/revisions\/644"}],"wp:attachment":[{"href":"https:\/\/www.silag.ch\/fr\/wp-json\/wp\/v2\/media?parent=189"}],"curies":[{"name":"wp","href":"https:\/\/api.w.org\/{rel}","templated":true}]}}