{"id":184,"date":"2020-09-19T18:23:37","date_gmt":"2020-09-19T18:23:37","guid":{"rendered":"https:\/\/www.silag.ch\/arbeitsgemeinschaft\/"},"modified":"2020-11-13T15:05:56","modified_gmt":"2020-11-13T15:05:56","slug":"le-groupe-de-travail","status":"publish","type":"page","link":"https:\/\/www.silag.ch\/fr\/le-groupe-de-travail\/","title":{"rendered":"le groupe de travail"},"content":{"rendered":"<section class=\"l-section wpb_row height_medium with_img\"><div class=\"l-section-img\" role=\"img\" aria-label=\"Image\" data-img-width=\"1350\" data-img-height=\"900\" style=\"background-image: url(https:\/\/www.silag.ch\/wp-content\/uploads\/2020\/09\/photo-1567427018141-0584cfcbf1b8.jpg);background-position: bottom center;background-repeat: no-repeat;\"><\/div><div class=\"l-section-h i-cf\"><div class=\"g-cols vc_row via_flex valign_top type_default stacking_default\"><div class=\"vc_col-sm-12 wpb_column vc_column_container\"><div class=\"vc_column-inner\"><div class=\"wpb_wrapper\"><div class=\"ult-spacer spacer-69e37e97a6a2e\" data-id=\"69e37e97a6a2e\" data-height=\"500\" data-height-mobile=\"200\" data-height-tab=\"400\" data-height-tab-portrait=\"400\" data-height-mobile-landscape=\"300\" style=\"clear:both;display:block;\"><\/div><\/div><\/div><\/div><\/div><\/div><\/section><section class=\"l-section wpb_row height_medium\"><div class=\"l-section-h i-cf\"><div class=\"g-cols vc_row via_flex valign_top type_default stacking_default\"><div class=\"vc_col-sm-12 wpb_column vc_column_container\"><div class=\"vc_column-inner\"><div class=\"wpb_wrapper\"><div class=\"wpb_text_column\"><div class=\"wpb_wrapper\"><h1 class=\"entry-title\">silag \u2013 le groupe de travail<\/h1>\n<\/div><\/div><div class=\"wpb_text_column\"><div class=\"wpb_wrapper\"><h2>2017<\/h2>\n<p>En 2017, le nom a \u00e9t\u00e9 remplac\u00e9 par silag \u2013 laboratoire suisse pour l&rsquo;analyse des particules dans les tissus.<\/p>\n<\/div><\/div><div class=\"wpb_text_column\"><div class=\"wpb_wrapper\"><h2>1992-2020<\/h2>\n<p>Les importants changements de personnel chez silag ont entra\u00een\u00e9 l&rsquo;arr\u00eat des recherches dans le domaine pathologique. L\u2019int\u00e9r\u00eat et la volont\u00e9 de continuer \u00e0 proposer des analyses de poussi\u00e8res pulmonaires avec une qualit\u00e9 irr\u00e9prochable ont conduit Silag \u00e0 exploiter son propre laboratoire de pr\u00e9paration et d\u2019analyse d\u2019\u00e9chantillons depuis 1992. Jusqu\u2019\u00e0 2020, les locaux n\u00e9cessaires ont \u00e9t\u00e9 fournis par l\u2019Institut de g\u00e9ochimie et de p\u00e9trologie de l\u2019ETH Zurich. Cette situation permettait une continuit\u00e9 dans la pr\u00e9paration des \u00e9chantillons, mais offrait en m\u00eame temps la possibilit\u00e9 de d\u00e9velopper et de tester de nouvelles m\u00e9thodes de pr\u00e9paration et d&rsquo;analyse des \u00e9chantillons dans un environnement analytique. Depuis 2000, l\u2019examen de la poussi\u00e8re de liquide de lavage broncho-alv\u00e9olaire (LBA) a \u00e9t\u00e9 propos\u00e9 comme nouvelle m\u00e9thode.<\/p>\n<\/div><\/div><div class=\"wpb_text_column\"><div class=\"wpb_wrapper\"><h2>1960-1992<\/h2>\n<p>Avec la mise en \u0153uvre des mesures de pr\u00e9vention de l&rsquo;exposition \u00e0 la poussi\u00e8re de quartz, la recherche dans le secteur des produits inorganiques a perdu de son importance. En cons\u00e9quence, seules les am\u00e9liorations de la m\u00e9thodologie d&rsquo;analyse de la poussi\u00e8re pulmonaire ont \u00e9t\u00e9 examin\u00e9es. Dans le secteur m\u00e9dical, notamment en pathologie, l&rsquo;\u00e9tude de la silicose s&rsquo;est poursuivie et s&rsquo;est \u00e9tendue \u00e0 d&rsquo;autres pneumoconioses. Avec la g\u00e9n\u00e9ralisation de l&rsquo;utilisation de l&rsquo;amiante et l&rsquo;\u00e9mergence de l\u2019asbestose et du m\u00e9soth\u00e9liome, les recherches de la fin des ann\u00e9es 1970 et du d\u00e9but des ann\u00e9es 1980 se sont de plus en plus tourn\u00e9es vers les maladies li\u00e9es \u00e0 l&rsquo;amiante.<\/p>\n<p>Cette extension a amen\u00e9 le groupe de travail \u00e0 changer son nom en 1970 en groupe zurichois pour la recherche et la lutte contre les pneumoconioses en Suisse. Les figures 1 et 2 montrent le passage d\u2019une recherche \u00e0 dominante quartz \u00e0 une recherche \u00e0 dominante amiante.<\/p>\n<\/div><\/div><div class=\"w-image align_none\"><div class=\"w-image-h\"><img decoding=\"async\" width=\"1024\" height=\"615\" src=\"https:\/\/www.silag.ch\/wp-content\/uploads\/2020\/10\/Bild1-fr-1024x615.png\" class=\"attachment-large size-large\" alt=\"\" loading=\"lazy\" srcset=\"https:\/\/www.silag.ch\/wp-content\/uploads\/2020\/10\/Bild1-fr-1024x615.png 1024w, https:\/\/www.silag.ch\/wp-content\/uploads\/2020\/10\/Bild1-fr-300x180.png 300w, https:\/\/www.silag.ch\/wp-content\/uploads\/2020\/10\/Bild1-fr.png 1652w\" sizes=\"auto, (max-width: 1024px) 100vw, 1024px\" \/><\/div><\/div><div class=\"wpb_text_column\"><div class=\"wpb_wrapper\"><figure class=\"wp-block-image\"><figcaption>Figure 1: Questions de recherche pour l\u2019analyse de la poussi\u00e8re pulmonaire par tranches de 5 ans. Le terme \u00abparticules\u00bb comprend toutes les particules inorganiques \u00e4 l\u2019exception de quartz et poussi\u00e8re de roche.<\/figcaption><\/figure>\n<\/div><\/div><div class=\"w-image align_none\"><div class=\"w-image-h\"><img decoding=\"async\" width=\"1024\" height=\"478\" src=\"https:\/\/www.silag.ch\/wp-content\/uploads\/2020\/10\/Bild2-fr-1024x478.png\" class=\"attachment-large size-large\" alt=\"\" loading=\"lazy\" srcset=\"https:\/\/www.silag.ch\/wp-content\/uploads\/2020\/10\/Bild2-fr-1024x478.png 1024w, https:\/\/www.silag.ch\/wp-content\/uploads\/2020\/10\/Bild2-fr-300x140.png 300w\" sizes=\"auto, (max-width: 1024px) 100vw, 1024px\" \/><\/div><\/div><div class=\"wpb_text_column\"><div class=\"wpb_wrapper\"><figure class=\"wp-block-image\"><figcaption>Figure 2: Diagnostic et nombre de cas dans les analyses de poussi\u00e8re de poumon par tranches de 5 ans. SIL: silicose, MIPN: pneumoconiose mixte, ASB: asbestose, PM+PET: m\u00e9soth\u00e9liomes pleuraux et p\u00e9riton\u00e9aux, LuCa: carcinome du poumon, andere: terme regroupant aluminose, syndrome de Caplan, granulomatose, graphitose, talcose, fibrose poulmonaire due aux m\u00e9taux durs, poumon des soudeur et pneumoconioses aux terres (c\u00e9rium).<\/figcaption><\/figure>\n<\/div><\/div><div class=\"wpb_text_column\"><div class=\"wpb_wrapper\"><p>Depuis la cr\u00e9ation du consortium, des \u00e9chantillons provenant de toute la Suisse et de pays voisins ont \u00e9t\u00e9 envoy\u00e9s au silag pour analyse (voir figure 3). Avec le changement d&rsquo;orientation de la recherche \u00e0 la USZ entre 1990 et 2012, le pourcentage d&rsquo;\u00e9chantillons provenant de la USZ \u00e0 destination de silag a diminu\u00e9.<\/p>\n<\/div><\/div><div class=\"w-image align_none\"><div class=\"w-image-h\"><img decoding=\"async\" width=\"1024\" height=\"533\" src=\"https:\/\/www.silag.ch\/wp-content\/uploads\/2020\/10\/Bild3-fr-1024x533.png\" class=\"attachment-large size-large\" alt=\"\" loading=\"lazy\" srcset=\"https:\/\/www.silag.ch\/wp-content\/uploads\/2020\/10\/Bild3-fr-1024x533.png 1024w, https:\/\/www.silag.ch\/wp-content\/uploads\/2020\/10\/Bild3-fr-300x156.png 300w\" sizes=\"auto, (max-width: 1024px) 100vw, 1024px\" \/><\/div><\/div><div class=\"wpb_text_column\"><div class=\"wpb_wrapper\"><figure class=\"wp-block-image\"><figcaption>Figure 3: Origine des \u00e9chantillons envoy\u00e9es pour analyse de la poussi\u00e8re poulmonaire. Ausland: de l\u2019\u00e9tranger; InnerCH: UR, SZ, OW, NW, LU, ZG; OstCH: GR, SG, TG, SH, GL, AR, AI; ZentrumCH: BS, BL, BE, SO, AG; WestCH: GE, VD, VS, FR, NE, JU; restZH: canton de Zurich \u00e9xcept\u00e9 l\u2019hopital universitaire de Zurich (USZ).<\/figcaption><\/figure>\n<\/div><\/div><div class=\"wpb_text_column\"><div class=\"wpb_wrapper\"><h2>1945-1960<\/h2>\n<p>L&rsquo;impulsion pour la fondation du silag date de 1944, car la silicose en tant que maladie professionnelle grave engendrait beaucoup de souffrances et des co\u00fbts \u00e9lev\u00e9s. Le probl\u00e8me de la pneumoconiose \u00e9tant tr\u00e8s complexe, des repr\u00e9sentants de diff\u00e9rentes disciplines ont \u00e9t\u00e9 impliqu\u00e9s d\u00e8s le d\u00e9but. En 1945, le groupe zurichois pour la recherche et la lutte contre la silicose en Suisse a \u00e9t\u00e9 fond\u00e9 en tant qu&rsquo;association. Les membres (g\u00e9n\u00e9ralement des responsables d&rsquo;institutions ou de cliniques) se sont engag\u00e9s \u00e0 mener des projets de recherche du groupe de travail dans leurs propres groupes de recherche ou \u00e0 mettre leurs installations \u00e0 leur disposition. Ceci a abouti \u00e0 une institution de recherche d\u00e9centralis\u00e9e sur la pneumoconiose.<\/p>\n<p>Des m\u00e9decins de l&rsquo;h\u00f4pital universitaire de Zurich (USZ), des min\u00e9ralogistes et des p\u00e9trographes de l&rsquo;Ecole Polytechnique F\u00e9d\u00e9rale de Zurich (ETHZ) et des m\u00e9decins de l&rsquo;Institut suisse d&rsquo;assurance-accidents (Suva) ont \u00e9t\u00e9 impliqu\u00e9s d\u00e8s le d\u00e9but. Des repr\u00e9sentants de l&rsquo;Office f\u00e9d\u00e9ral des assurances sociales, de l&rsquo;Institut f\u00e9d\u00e9ral pour les essais de mat\u00e9riaux (EMPA), du Centre d&rsquo;essais g\u00e9otechniques de Zurich, de l&rsquo;Institut de m\u00e9decine l\u00e9gale et de l\u2019Association Suisse de $Entrepreneurs en G\u00e9nie Civil sont rapidement devenus \u00e9galement des repr\u00e9sentants. Au cours des 15 premi\u00e8res ann\u00e9es, les projets de recherche se sont concentr\u00e9s sur la silicose.<\/p>\n<p>La recherche a \u00e9t\u00e9 divis\u00e9e en deux domaines principaux : le secteur inorganique et le secteur m\u00e9dical.<\/p>\n<h4>secteur inorganique<\/h4>\n<ul>\n<li>Les projets min\u00e9ralogiques-p\u00e9trographiques portaient surtout sur la description de la formation de la poussi\u00e8re (concentrations, processus, mati\u00e8res premi\u00e8res) sur les lieux de travail ainsi que la description de la poussi\u00e8re (r\u00e9partition granulom\u00e9trique, composition min\u00e9ralogique). Son objectif \u00e9tait la prophylaxie technique. Des analyses de poussi\u00e8res pulmonaires ont \u00e9galement \u00e9t\u00e9 effectu\u00e9es et ces r\u00e9sultats ont \u00e9t\u00e9 compar\u00e9s aux compositions en poussi\u00e8re des lieux de travail.<\/li>\n<\/ul>\n<h4>secteur m\u00e9dical<\/h4>\n<ul>\n<li>L&rsquo;anatomie pathologique concernait la caract\u00e9risation morphologique de la pneumoconiose. La taille des particules de poussi\u00e8re respirable devait \u00eatre d\u00e9termin\u00e9e. Les dommages pulmonaires attribu\u00e9s aux particules organiques ont \u00e9galement \u00e9t\u00e9 \u00e9tudi\u00e9s. Lors d\u2019exp\u00e9rimentations animales, l\u2019effet sur les poumons de diverses substances inorganiques et \u00e9galement en partie organiques a \u00e9t\u00e9 examin\u00e9. Une contribution importante a \u00e9t\u00e9 le d\u00e9veloppement de m\u00e9thodes d&rsquo;analyse de la poussi\u00e8re pulmonaire.<\/li>\n<li>Dans le domaine clinique, l&rsquo;\u00e9volution de la silicose (en particulier apr\u00e8s une exposition \u00e0 la poussi\u00e8re), l&rsquo;interaction avec la tuberculose et les maladies secondaires telles que la bronchopneumopathie chronique obstructive et le c\u0153ur pulmonaire pr\u00e9sentaient un int\u00e9r\u00eat. Les tests de fonction pulmonaire (spirom\u00e9trie, analyse des gaz sanguins, &#8230;) ont \u00e9galement \u00e9t\u00e9 mis en place.<\/li>\n<\/ul>\n<p>L&rsquo;examen radiographique a jou\u00e9 un r\u00f4le cl\u00e9 dans le diagnostic de la pneumoconiose.<\/p>\n<\/div><\/div><\/div><\/div><\/div><\/div><\/div><\/section>\n","protected":false},"excerpt":{"rendered":"silag \u2013 le groupe de travail 2017 En 2017, le nom a \u00e9t\u00e9 remplac\u00e9 par silag \u2013 laboratoire suisse pour l&rsquo;analyse des particules dans les tissus. 1992-2020 Les importants changements de personnel chez silag ont entra\u00een\u00e9 l&rsquo;arr\u00eat des recherches dans le domaine pathologique. L\u2019int\u00e9r\u00eat et la volont\u00e9 de continuer \u00e0 proposer des analyses de poussi\u00e8res...","protected":false},"author":1,"featured_media":0,"parent":0,"menu_order":0,"comment_status":"closed","ping_status":"closed","template":"","meta":{"footnotes":""},"class_list":["post-184","page","type-page","status-publish","hentry"],"yoast_head":"<!-- This site is optimized with the Yoast SEO plugin v26.9 - https:\/\/yoast.com\/product\/yoast-seo-wordpress\/ -->\n<title>le groupe de travail - swiss laboratory for particle analysis in tissues<\/title>\n<meta name=\"robots\" content=\"index, follow, max-snippet:-1, max-image-preview:large, max-video-preview:-1\" \/>\n<link rel=\"canonical\" href=\"https:\/\/www.silag.ch\/fr\/le-groupe-de-travail\/\" \/>\n<meta property=\"og:locale\" content=\"fr_FR\" \/>\n<meta property=\"og:type\" content=\"article\" \/>\n<meta property=\"og:title\" content=\"le groupe de travail - swiss laboratory for particle analysis in tissues\" \/>\n<meta property=\"og:url\" content=\"https:\/\/www.silag.ch\/fr\/le-groupe-de-travail\/\" \/>\n<meta property=\"og:site_name\" content=\"swiss laboratory for particle analysis in tissues\" \/>\n<meta property=\"article:modified_time\" content=\"2020-11-13T15:05:56+00:00\" \/>\n<meta name=\"twitter:card\" content=\"summary_large_image\" \/>\n<meta name=\"twitter:label1\" content=\"Dur\u00e9e de lecture estim\u00e9e\" \/>\n\t<meta name=\"twitter:data1\" content=\"6 minutes\" \/>\n<script type=\"application\/ld+json\" class=\"yoast-schema-graph\">{\"@context\":\"https:\/\/schema.org\",\"@graph\":[{\"@type\":\"WebPage\",\"@id\":\"https:\/\/www.silag.ch\/fr\/le-groupe-de-travail\/\",\"url\":\"https:\/\/www.silag.ch\/fr\/le-groupe-de-travail\/\",\"name\":\"le groupe de travail - swiss laboratory for particle analysis in tissues\",\"isPartOf\":{\"@id\":\"https:\/\/www.silag.ch\/#website\"},\"datePublished\":\"2020-09-19T18:23:37+00:00\",\"dateModified\":\"2020-11-13T15:05:56+00:00\",\"breadcrumb\":{\"@id\":\"https:\/\/www.silag.ch\/fr\/le-groupe-de-travail\/#breadcrumb\"},\"inLanguage\":\"fr-FR\",\"potentialAction\":[{\"@type\":\"ReadAction\",\"target\":[\"https:\/\/www.silag.ch\/fr\/le-groupe-de-travail\/\"]}]},{\"@type\":\"BreadcrumbList\",\"@id\":\"https:\/\/www.silag.ch\/fr\/le-groupe-de-travail\/#breadcrumb\",\"itemListElement\":[{\"@type\":\"ListItem\",\"position\":1,\"name\":\"Startseite\",\"item\":\"https:\/\/www.silag.ch\/fr\/\"},{\"@type\":\"ListItem\",\"position\":2,\"name\":\"le groupe de travail\"}]},{\"@type\":\"WebSite\",\"@id\":\"https:\/\/www.silag.ch\/#website\",\"url\":\"https:\/\/www.silag.ch\/\",\"name\":\"swiss laboratory for particle analysis in tissues\",\"description\":\"\",\"potentialAction\":[{\"@type\":\"SearchAction\",\"target\":{\"@type\":\"EntryPoint\",\"urlTemplate\":\"https:\/\/www.silag.ch\/?s={search_term_string}\"},\"query-input\":{\"@type\":\"PropertyValueSpecification\",\"valueRequired\":true,\"valueName\":\"search_term_string\"}}],\"inLanguage\":\"fr-FR\"}]}<\/script>\n<!-- \/ Yoast SEO plugin. -->","yoast_head_json":{"title":"le groupe de travail - swiss laboratory for particle analysis in tissues","robots":{"index":"index","follow":"follow","max-snippet":"max-snippet:-1","max-image-preview":"max-image-preview:large","max-video-preview":"max-video-preview:-1"},"canonical":"https:\/\/www.silag.ch\/fr\/le-groupe-de-travail\/","og_locale":"fr_FR","og_type":"article","og_title":"le groupe de travail - swiss laboratory for particle analysis in tissues","og_url":"https:\/\/www.silag.ch\/fr\/le-groupe-de-travail\/","og_site_name":"swiss laboratory for particle analysis in tissues","article_modified_time":"2020-11-13T15:05:56+00:00","twitter_card":"summary_large_image","twitter_misc":{"Dur\u00e9e de lecture estim\u00e9e":"6 minutes"},"schema":{"@context":"https:\/\/schema.org","@graph":[{"@type":"WebPage","@id":"https:\/\/www.silag.ch\/fr\/le-groupe-de-travail\/","url":"https:\/\/www.silag.ch\/fr\/le-groupe-de-travail\/","name":"le groupe de travail - swiss laboratory for particle analysis in tissues","isPartOf":{"@id":"https:\/\/www.silag.ch\/#website"},"datePublished":"2020-09-19T18:23:37+00:00","dateModified":"2020-11-13T15:05:56+00:00","breadcrumb":{"@id":"https:\/\/www.silag.ch\/fr\/le-groupe-de-travail\/#breadcrumb"},"inLanguage":"fr-FR","potentialAction":[{"@type":"ReadAction","target":["https:\/\/www.silag.ch\/fr\/le-groupe-de-travail\/"]}]},{"@type":"BreadcrumbList","@id":"https:\/\/www.silag.ch\/fr\/le-groupe-de-travail\/#breadcrumb","itemListElement":[{"@type":"ListItem","position":1,"name":"Startseite","item":"https:\/\/www.silag.ch\/fr\/"},{"@type":"ListItem","position":2,"name":"le groupe de travail"}]},{"@type":"WebSite","@id":"https:\/\/www.silag.ch\/#website","url":"https:\/\/www.silag.ch\/","name":"swiss laboratory for particle analysis in tissues","description":"","potentialAction":[{"@type":"SearchAction","target":{"@type":"EntryPoint","urlTemplate":"https:\/\/www.silag.ch\/?s={search_term_string}"},"query-input":{"@type":"PropertyValueSpecification","valueRequired":true,"valueName":"search_term_string"}}],"inLanguage":"fr-FR"}]}},"_links":{"self":[{"href":"https:\/\/www.silag.ch\/fr\/wp-json\/wp\/v2\/pages\/184","targetHints":{"allow":["GET"]}}],"collection":[{"href":"https:\/\/www.silag.ch\/fr\/wp-json\/wp\/v2\/pages"}],"about":[{"href":"https:\/\/www.silag.ch\/fr\/wp-json\/wp\/v2\/types\/page"}],"author":[{"embeddable":true,"href":"https:\/\/www.silag.ch\/fr\/wp-json\/wp\/v2\/users\/1"}],"replies":[{"embeddable":true,"href":"https:\/\/www.silag.ch\/fr\/wp-json\/wp\/v2\/comments?post=184"}],"version-history":[{"count":10,"href":"https:\/\/www.silag.ch\/fr\/wp-json\/wp\/v2\/pages\/184\/revisions"}],"predecessor-version":[{"id":411,"href":"https:\/\/www.silag.ch\/fr\/wp-json\/wp\/v2\/pages\/184\/revisions\/411"}],"wp:attachment":[{"href":"https:\/\/www.silag.ch\/fr\/wp-json\/wp\/v2\/media?parent=184"}],"curies":[{"name":"wp","href":"https:\/\/api.w.org\/{rel}","templated":true}]}}