{"id":150,"date":"2020-09-19T18:24:00","date_gmt":"2020-09-19T18:24:00","guid":{"rendered":"https:\/\/www.silag.ch\/lungenstaubuntersuchungen\/"},"modified":"2020-11-11T15:11:39","modified_gmt":"2020-11-11T15:11:39","slug":"examen-pulmonaire-de-la-poussiere","status":"publish","type":"page","link":"https:\/\/www.silag.ch\/fr\/examen-pulmonaire-de-la-poussiere\/","title":{"rendered":"Examen pulmonaire de la poussi\u00e8re"},"content":{"rendered":"<section class=\"l-section wpb_row height_medium with_img\"><div class=\"l-section-img\" role=\"img\" aria-label=\"Image\" data-img-width=\"1350\" data-img-height=\"900\" style=\"background-image: url(https:\/\/www.silag.ch\/wp-content\/uploads\/2020\/09\/photo-1567427018141-0584cfcbf1b8.jpg);background-position: bottom center;background-repeat: no-repeat;\"><\/div><div class=\"l-section-h i-cf\"><div class=\"g-cols vc_row via_flex valign_top type_default stacking_default\"><div class=\"vc_col-sm-12 wpb_column vc_column_container\"><div class=\"vc_column-inner\"><div class=\"wpb_wrapper\"><div class=\"ult-spacer spacer-69e39488a51da\" data-id=\"69e39488a51da\" data-height=\"500\" data-height-mobile=\"200\" data-height-tab=\"400\" data-height-tab-portrait=\"400\" data-height-mobile-landscape=\"300\" style=\"clear:both;display:block;\"><\/div><\/div><\/div><\/div><\/div><\/div><\/section><section class=\"l-section wpb_row height_medium\"><div class=\"l-section-h i-cf\"><div class=\"g-cols vc_row via_flex valign_top type_default stacking_default\"><div class=\"vc_col-sm-12 wpb_column vc_column_container\"><div class=\"vc_column-inner\"><div class=\"wpb_wrapper\"><div class=\"wpb_text_column\"><div class=\"wpb_wrapper\"><h1 class=\"entry-title\">Examen pulmonaire de la poussi\u00e8re<\/h1>\n<\/div><\/div><div class=\"g-cols wpb_row us_custom_688ad5aa via_flex valign_top type_default stacking_default\"><div class=\"vc_col-sm-4 wpb_column vc_column_container\"><div class=\"vc_column-inner\"><div class=\"wpb_wrapper\"><div class=\"w-image align_none\"><div class=\"w-image-h\"><img decoding=\"async\" width=\"500\" height=\"375\" src=\"https:\/\/www.silag.ch\/wp-content\/uploads\/2020\/09\/Lungenstaubanalyse_Silikose.jpg\" class=\"attachment-large size-large\" alt=\"\" loading=\"lazy\" srcset=\"https:\/\/www.silag.ch\/wp-content\/uploads\/2020\/09\/Lungenstaubanalyse_Silikose.jpg 500w, https:\/\/www.silag.ch\/wp-content\/uploads\/2020\/09\/Lungenstaubanalyse_Silikose-300x225.jpg 300w\" sizes=\"auto, (max-width: 500px) 100vw, 500px\" \/><\/div><\/div><div class=\"wpb_text_column\"><div class=\"wpb_wrapper\"><p>Silicose<\/p>\n<\/div><\/div><\/div><\/div><\/div><div class=\"vc_col-sm-4 wpb_column vc_column_container\"><div class=\"vc_column-inner\"><div class=\"wpb_wrapper\"><div class=\"w-image align_none\"><div class=\"w-image-h\"><img decoding=\"async\" width=\"500\" height=\"375\" src=\"https:\/\/www.silag.ch\/wp-content\/uploads\/2020\/09\/Lungenstaubanalyse_Asbestose.jpg\" class=\"attachment-large size-large\" alt=\"\" loading=\"lazy\" srcset=\"https:\/\/www.silag.ch\/wp-content\/uploads\/2020\/09\/Lungenstaubanalyse_Asbestose.jpg 500w, https:\/\/www.silag.ch\/wp-content\/uploads\/2020\/09\/Lungenstaubanalyse_Asbestose-300x225.jpg 300w\" sizes=\"auto, (max-width: 500px) 100vw, 500px\" \/><\/div><\/div><div class=\"wpb_text_column\"><div class=\"wpb_wrapper\"><p>Asbestose<\/p>\n<\/div><\/div><\/div><\/div><\/div><div class=\"vc_col-sm-4 wpb_column vc_column_container\"><div class=\"vc_column-inner\"><div class=\"wpb_wrapper\"><div class=\"w-image align_none\"><div class=\"w-image-h\"><img decoding=\"async\" width=\"500\" height=\"375\" src=\"https:\/\/www.silag.ch\/wp-content\/uploads\/2020\/09\/hartmetall.jpg\" class=\"attachment-large size-large\" alt=\"\" loading=\"lazy\" srcset=\"https:\/\/www.silag.ch\/wp-content\/uploads\/2020\/09\/hartmetall.jpg 500w, https:\/\/www.silag.ch\/wp-content\/uploads\/2020\/09\/hartmetall-300x225.jpg 300w\" sizes=\"auto, (max-width: 500px) 100vw, 500px\" \/><\/div><\/div><div class=\"wpb_text_column\"><div class=\"wpb_wrapper\"><p>Poumon en carbure<\/p>\n<\/div><\/div><\/div><\/div><\/div><\/div><div class=\"wpb_text_column\"><div class=\"wpb_wrapper\"><h2>Indication pour une analyse de poussi\u00e8re de poumon :<\/h2>\n<p>En cas de suspicion de maladie pulmonaire d&rsquo;origine professionnelle due aux ant\u00e9c\u00e9dents de travail et \/ ou \u00e0 la pr\u00e9sentation clinico-radiologique, l&rsquo;analyse des poussi\u00e8res pulmonaires est utile pour estimer le type et l&rsquo;\u00e9tendue de l&rsquo;exposition aux poussi\u00e8res. Les r\u00e9sultats doivent \u00eatre en corr\u00e9lation avec les changements histologiques. M\u00eame chez les patients pr\u00e9sentant un m\u00e9soth\u00e9liome pleural malin mais avec des ant\u00e9c\u00e9dents professionnels divergents, une analyse compl\u00e8te de la poussi\u00e8re pulmonaire avec d\u00e9termination quantitative de l&rsquo;amiante sur du tissu pulmonaire exempt de tumeur est recommand\u00e9e.<\/p>\n<h2>Mat\u00e9riaux d&rsquo;\u00e9chantillon appropri\u00e9 pour une analyse de poussi\u00e8re de poumon :<\/h2>\n<p>Pour une analyse fiable des poussi\u00e8res, un tissu pulmonaire p\u00e9riph\u00e9rique fix\u00e9 au formol et sans tumeur est requis. Les pi\u00e8ces id\u00e9ales comprennent 3 morceaux d&rsquo;environ 2 cm3 pr\u00e9lev\u00e9s \u00e0 3 endroits diff\u00e9rents (1 x apex du lobe sup\u00e9rieur, 1 x apex du lobe inf\u00e9rieur et 1 x base du lobe inf\u00e9rieur). Si aucun tissu pulmonaire fix\u00e9 au formol n&rsquo;est disponible, des blocs de paraffine fabriqu\u00e9s \u00e0 partir de celui-ci peuvent \u00e9galement \u00eatre utilis\u00e9s pour l&rsquo;analyse. Cependant, il convient de noter que les blocs sont dissouts pour analyse et ne sont donc pas renvoy\u00e9s \u00e0 l&rsquo;exp\u00e9diteur.<\/p>\n<p>Des analyses de poussi\u00e8res pulmonaires peuvent \u00e9galement \u00eatre effectu\u00e9es sur le liquide de lavage bronchoalv\u00e9olaire. Ceci n\u00e9cessite au moins 20 ml, si possible 30 ml de liquide de lavage non filtr\u00e9 avec au moins 10 ml de NaOCl (12%) ajout\u00e9.<\/p>\n<\/div><\/div><div class=\"g-cols wpb_row us_custom_688ad5aa via_flex valign_top type_default stacking_default\"><div class=\"vc_col-sm-4 wpb_column vc_column_container\"><div class=\"vc_column-inner\"><div class=\"wpb_wrapper\"><div class=\"w-image align_none\"><div class=\"w-image-h\"><img decoding=\"async\" width=\"1024\" height=\"768\" src=\"https:\/\/www.silag.ch\/wp-content\/uploads\/2020\/09\/lungenstaubanalyse-gewebe-feucht-1024x768-1.jpg\" class=\"attachment-large size-large\" alt=\"\" loading=\"lazy\" srcset=\"https:\/\/www.silag.ch\/wp-content\/uploads\/2020\/09\/lungenstaubanalyse-gewebe-feucht-1024x768-1.jpg 1024w, https:\/\/www.silag.ch\/wp-content\/uploads\/2020\/09\/lungenstaubanalyse-gewebe-feucht-1024x768-1-300x225.jpg 300w\" sizes=\"auto, (max-width: 1024px) 100vw, 1024px\" \/><\/div><\/div><div class=\"wpb_text_column\"><div class=\"wpb_wrapper\"><p>Tissu pulmonaire fix\u00e9 au formol<\/p>\n<\/div><\/div><\/div><\/div><\/div><div class=\"vc_col-sm-4 wpb_column vc_column_container\"><div class=\"vc_column-inner\"><div class=\"wpb_wrapper\"><div class=\"w-image align_none\"><div class=\"w-image-h\"><img decoding=\"async\" width=\"1024\" height=\"768\" src=\"https:\/\/www.silag.ch\/wp-content\/uploads\/2020\/09\/lungenstaubanalyse-gewebe-getrocknet-1024x768-1.jpg\" class=\"attachment-large size-large\" alt=\"\" loading=\"lazy\" srcset=\"https:\/\/www.silag.ch\/wp-content\/uploads\/2020\/09\/lungenstaubanalyse-gewebe-getrocknet-1024x768-1.jpg 1024w, https:\/\/www.silag.ch\/wp-content\/uploads\/2020\/09\/lungenstaubanalyse-gewebe-getrocknet-1024x768-1-300x225.jpg 300w\" sizes=\"auto, (max-width: 1024px) 100vw, 1024px\" \/><\/div><\/div><div class=\"wpb_text_column\"><div class=\"wpb_wrapper\"><p>Tissu pulmonaire lyophilis\u00e9<\/p>\n<\/div><\/div><\/div><\/div><\/div><div class=\"vc_col-sm-4 wpb_column vc_column_container\"><div class=\"vc_column-inner\"><div class=\"wpb_wrapper\"><div class=\"w-image align_none\"><div class=\"w-image-h\"><img decoding=\"async\" width=\"1024\" height=\"768\" src=\"https:\/\/www.silag.ch\/wp-content\/uploads\/2020\/09\/lungenstaubanalyse-paraffinblock-1024x768-1.jpg\" class=\"attachment-large size-large\" alt=\"\" loading=\"lazy\" srcset=\"https:\/\/www.silag.ch\/wp-content\/uploads\/2020\/09\/lungenstaubanalyse-paraffinblock-1024x768-1.jpg 1024w, https:\/\/www.silag.ch\/wp-content\/uploads\/2020\/09\/lungenstaubanalyse-paraffinblock-1024x768-1-300x225.jpg 300w\" sizes=\"auto, (max-width: 1024px) 100vw, 1024px\" \/><\/div><\/div><div class=\"wpb_text_column\"><div class=\"wpb_wrapper\"><p>Bloc de paraffine du tissu pulmonaire<\/p>\n<\/div><\/div><\/div><\/div><\/div><\/div><div class=\"wpb_text_column\"><div class=\"wpb_wrapper\"><h2>Ne convient pas:<\/h2>\n<p>Tissu de tumeur ou de pl\u00e8vre ainsi que biopsies transbronchiques, cryobiopsies ou biopsies bronchiques.<\/p>\n<h2>Proc\u00e9dure d&rsquo;analyse de la poussi\u00e8re pulmonaire :<\/h2>\n<p>Une premi\u00e8re \u00e9valuation histologique d\u00e9cide si une analyse de poussi\u00e8re est faisable \/ utile. Le pathologue de l\u2019h\u00f4pital universitaire de Zurich envoie alors le mat\u00e9riel \u00e0 la silag avec la demande d\u2019analyse. Les \u00e9chantillons de tissus sont pr\u00e9par\u00e9s par la silag pour le comptage FB respectivement de l&rsquo;analyse morphologique et chimique des fibres au microscope \u00e9lectronique \u00e0 transmission (TEM \/ EDX). La silag fait les analyses et transmet les r\u00e9sultats en forme d\u2019un rapport d\u2019analyses au pathologue pulmonaire responsable. Le pathologue r\u00e9unit les r\u00e9sultats histologique et d\u2019analyses dans un rapport int\u00e9gral. Les r\u00e9sultats finals sont disponibles dans un d\u00e9lai de 2 \u00e0 4 semaines environ, en fonction du volume des commandes et de la planification des analyses.<\/p>\n<h2>Rapport final :<\/h2>\n<p>Les examens histologiques sont r\u00e9sum\u00e9s avec les r\u00e9sultats des analyses FB et TEM \/ EDX dans un rapport \/ rapport int\u00e9gratif. Ce rapport est envoy\u00e9 au m\u00e9decin envoyeur. Une copie, comprenant les r\u00e9sultats des analyses FB et TEM \/ EDX, sera envoy\u00e9e \u00e0 l&rsquo;Institut de pathologie qui a mis le tissu \u00e0 disposition.<\/p>\n<\/div><\/div><\/div><\/div><\/div><\/div><\/div><\/section>\n","protected":false},"excerpt":{"rendered":"Examen pulmonaire de la poussi\u00e8re Silicose Asbestose Poumon en carbure Indication pour une analyse de poussi\u00e8re de poumon : En cas de suspicion de maladie pulmonaire d&rsquo;origine professionnelle due aux ant\u00e9c\u00e9dents de travail et \/ ou \u00e0 la pr\u00e9sentation clinico-radiologique, l&rsquo;analyse des poussi\u00e8res pulmonaires est utile pour estimer le type et l&rsquo;\u00e9tendue de l&rsquo;exposition aux...","protected":false},"author":1,"featured_media":0,"parent":0,"menu_order":0,"comment_status":"closed","ping_status":"closed","template":"","meta":{"footnotes":""},"class_list":["post-150","page","type-page","status-publish","hentry"],"yoast_head":"<!-- This site is optimized with the Yoast SEO plugin v26.9 - https:\/\/yoast.com\/product\/yoast-seo-wordpress\/ -->\n<title>Examen pulmonaire de la poussi\u00e8re - swiss laboratory for particle analysis in tissues<\/title>\n<meta name=\"robots\" content=\"index, follow, max-snippet:-1, max-image-preview:large, max-video-preview:-1\" \/>\n<link rel=\"canonical\" href=\"https:\/\/www.silag.ch\/fr\/examen-pulmonaire-de-la-poussiere\/\" \/>\n<meta property=\"og:locale\" content=\"fr_FR\" \/>\n<meta property=\"og:type\" content=\"article\" \/>\n<meta property=\"og:title\" content=\"Examen pulmonaire de la poussi\u00e8re - swiss laboratory for particle analysis in tissues\" \/>\n<meta property=\"og:url\" content=\"https:\/\/www.silag.ch\/fr\/examen-pulmonaire-de-la-poussiere\/\" \/>\n<meta property=\"og:site_name\" content=\"swiss laboratory for particle analysis in tissues\" \/>\n<meta property=\"article:modified_time\" content=\"2020-11-11T15:11:39+00:00\" \/>\n<meta name=\"twitter:card\" content=\"summary_large_image\" \/>\n<meta name=\"twitter:label1\" content=\"Dur\u00e9e de lecture estim\u00e9e\" \/>\n\t<meta name=\"twitter:data1\" content=\"3 minutes\" \/>\n<script type=\"application\/ld+json\" class=\"yoast-schema-graph\">{\"@context\":\"https:\/\/schema.org\",\"@graph\":[{\"@type\":\"WebPage\",\"@id\":\"https:\/\/www.silag.ch\/fr\/examen-pulmonaire-de-la-poussiere\/\",\"url\":\"https:\/\/www.silag.ch\/fr\/examen-pulmonaire-de-la-poussiere\/\",\"name\":\"Examen pulmonaire de la poussi\u00e8re - swiss laboratory for particle analysis in tissues\",\"isPartOf\":{\"@id\":\"https:\/\/www.silag.ch\/#website\"},\"datePublished\":\"2020-09-19T18:24:00+00:00\",\"dateModified\":\"2020-11-11T15:11:39+00:00\",\"breadcrumb\":{\"@id\":\"https:\/\/www.silag.ch\/fr\/examen-pulmonaire-de-la-poussiere\/#breadcrumb\"},\"inLanguage\":\"fr-FR\",\"potentialAction\":[{\"@type\":\"ReadAction\",\"target\":[\"https:\/\/www.silag.ch\/fr\/examen-pulmonaire-de-la-poussiere\/\"]}]},{\"@type\":\"BreadcrumbList\",\"@id\":\"https:\/\/www.silag.ch\/fr\/examen-pulmonaire-de-la-poussiere\/#breadcrumb\",\"itemListElement\":[{\"@type\":\"ListItem\",\"position\":1,\"name\":\"Startseite\",\"item\":\"https:\/\/www.silag.ch\/fr\/\"},{\"@type\":\"ListItem\",\"position\":2,\"name\":\"Examen pulmonaire de la poussi\u00e8re\"}]},{\"@type\":\"WebSite\",\"@id\":\"https:\/\/www.silag.ch\/#website\",\"url\":\"https:\/\/www.silag.ch\/\",\"name\":\"swiss laboratory for particle analysis in tissues\",\"description\":\"\",\"potentialAction\":[{\"@type\":\"SearchAction\",\"target\":{\"@type\":\"EntryPoint\",\"urlTemplate\":\"https:\/\/www.silag.ch\/?s={search_term_string}\"},\"query-input\":{\"@type\":\"PropertyValueSpecification\",\"valueRequired\":true,\"valueName\":\"search_term_string\"}}],\"inLanguage\":\"fr-FR\"}]}<\/script>\n<!-- \/ Yoast SEO plugin. -->","yoast_head_json":{"title":"Examen pulmonaire de la poussi\u00e8re - swiss laboratory for particle analysis in tissues","robots":{"index":"index","follow":"follow","max-snippet":"max-snippet:-1","max-image-preview":"max-image-preview:large","max-video-preview":"max-video-preview:-1"},"canonical":"https:\/\/www.silag.ch\/fr\/examen-pulmonaire-de-la-poussiere\/","og_locale":"fr_FR","og_type":"article","og_title":"Examen pulmonaire de la poussi\u00e8re - swiss laboratory for particle analysis in tissues","og_url":"https:\/\/www.silag.ch\/fr\/examen-pulmonaire-de-la-poussiere\/","og_site_name":"swiss laboratory for particle analysis in tissues","article_modified_time":"2020-11-11T15:11:39+00:00","twitter_card":"summary_large_image","twitter_misc":{"Dur\u00e9e de lecture estim\u00e9e":"3 minutes"},"schema":{"@context":"https:\/\/schema.org","@graph":[{"@type":"WebPage","@id":"https:\/\/www.silag.ch\/fr\/examen-pulmonaire-de-la-poussiere\/","url":"https:\/\/www.silag.ch\/fr\/examen-pulmonaire-de-la-poussiere\/","name":"Examen pulmonaire de la poussi\u00e8re - swiss laboratory for particle analysis in tissues","isPartOf":{"@id":"https:\/\/www.silag.ch\/#website"},"datePublished":"2020-09-19T18:24:00+00:00","dateModified":"2020-11-11T15:11:39+00:00","breadcrumb":{"@id":"https:\/\/www.silag.ch\/fr\/examen-pulmonaire-de-la-poussiere\/#breadcrumb"},"inLanguage":"fr-FR","potentialAction":[{"@type":"ReadAction","target":["https:\/\/www.silag.ch\/fr\/examen-pulmonaire-de-la-poussiere\/"]}]},{"@type":"BreadcrumbList","@id":"https:\/\/www.silag.ch\/fr\/examen-pulmonaire-de-la-poussiere\/#breadcrumb","itemListElement":[{"@type":"ListItem","position":1,"name":"Startseite","item":"https:\/\/www.silag.ch\/fr\/"},{"@type":"ListItem","position":2,"name":"Examen pulmonaire de la poussi\u00e8re"}]},{"@type":"WebSite","@id":"https:\/\/www.silag.ch\/#website","url":"https:\/\/www.silag.ch\/","name":"swiss laboratory for particle analysis in tissues","description":"","potentialAction":[{"@type":"SearchAction","target":{"@type":"EntryPoint","urlTemplate":"https:\/\/www.silag.ch\/?s={search_term_string}"},"query-input":{"@type":"PropertyValueSpecification","valueRequired":true,"valueName":"search_term_string"}}],"inLanguage":"fr-FR"}]}},"_links":{"self":[{"href":"https:\/\/www.silag.ch\/fr\/wp-json\/wp\/v2\/pages\/150","targetHints":{"allow":["GET"]}}],"collection":[{"href":"https:\/\/www.silag.ch\/fr\/wp-json\/wp\/v2\/pages"}],"about":[{"href":"https:\/\/www.silag.ch\/fr\/wp-json\/wp\/v2\/types\/page"}],"author":[{"embeddable":true,"href":"https:\/\/www.silag.ch\/fr\/wp-json\/wp\/v2\/users\/1"}],"replies":[{"embeddable":true,"href":"https:\/\/www.silag.ch\/fr\/wp-json\/wp\/v2\/comments?post=150"}],"version-history":[{"count":7,"href":"https:\/\/www.silag.ch\/fr\/wp-json\/wp\/v2\/pages\/150\/revisions"}],"predecessor-version":[{"id":392,"href":"https:\/\/www.silag.ch\/fr\/wp-json\/wp\/v2\/pages\/150\/revisions\/392"}],"wp:attachment":[{"href":"https:\/\/www.silag.ch\/fr\/wp-json\/wp\/v2\/media?parent=150"}],"curies":[{"name":"wp","href":"https:\/\/api.w.org\/{rel}","templated":true}]}}