{"id":228,"date":"2020-10-06T11:41:53","date_gmt":"2020-10-06T11:41:53","guid":{"rendered":"https:\/\/www.silag.ch\/impressum\/"},"modified":"2021-01-29T12:40:35","modified_gmt":"2021-01-29T12:40:35","slug":"impressum","status":"publish","type":"page","link":"https:\/\/www.silag.ch\/en\/impressum\/","title":{"rendered":"Imprint"},"content":{"rendered":"<section class=\"l-section wpb_row height_medium\"><div class=\"l-section-h i-cf\"><div class=\"g-cols vc_row via_flex valign_top type_default stacking_default\"><div class=\"vc_col-sm-12 wpb_column vc_column_container\"><div class=\"vc_column-inner\"><div class=\"wpb_wrapper\"><div class=\"wpb_text_column\"><div class=\"wpb_wrapper\"><h1 class=\"entry-title\">Imprint<\/h1>\n<div class=\"entry-content\">\n<p>The website silag.ch is published by the Silag Association for the research and control of lung diseases caused by inorganic dusts.<\/p>\n<h2>Publisher<\/h2>\n<p>Prof. Max W. Schmidt<br \/>\n<a href=\"http:\/\/www.geopetro.ethz.ch\/\">Institut f\u00fcr Geochemie und Petrologie<\/a><br \/>\nNW E 81.1<br \/>\nClausiusstrasse 25<br \/>\n8092 Z\u00fcrich<br \/>\nSchweiz<\/p>\n<p>+41 44 632 79 88<br \/>\n<a href=\"mailto:max.schmidt@erdw.ethz.ch\">max.schmidt@erdw.ethz.ch<\/a><\/p>\n<h2>Editorial office<\/h2>\n<p>Dr. Barbara Kuhn<br \/>\n<a href=\"http:\/\/www.geopetro.ethz.ch\/\">Institut f\u00fcr Geochemie und Petrologie<\/a><br \/>\nNW D 76.3<br \/>\nClausiusstrasse 25<br \/>\n8092 Z\u00fcrich<br \/>\nSchweiz<\/p>\n<p>+41 44 632 65 81<br \/>\n<a href=\"mailto:barbara.kuhn@erdw.ethz.ch\">barbara.kuhn@erdw.ethz.ch<\/a><\/p>\n<h2>System responsibility<\/h2>\n<p>Technical contact for the website are team8, <a href=\"https:\/\/team8.ch\/\" target=\"_blank\" rel=\"noopener noreferrer\">www.team8.ch<\/a>.<\/p>\n<h3>Contact<\/h3>\n<p>Staublungenlabor der silag<br \/>\nc\/o Universit\u00e4t Z\u00fcrich<br \/>\nZentrum f\u00fcr Mikroskopie und Bildanalyse<br \/>\nWinterthurerstr. 190<br \/>\n8057 Z\u00fcrich<\/p>\n<p>Tel: 079 552 53 99<br \/>\nE-Mail: silag@hin.ch<\/p>\n<\/div>\n<\/div><\/div><\/div><\/div><\/div><\/div><\/div><\/section>\n","protected":false},"excerpt":{"rendered":"Imprint The website silag.ch is published by the Silag Association for the research and control of lung diseases caused by inorganic dusts. Publisher Prof. Max W. Schmidt Institut f\u00fcr Geochemie und Petrologie NW E 81.1 Clausiusstrasse 25 8092 Z\u00fcrich Schweiz +41 44 632 79 88 max.schmidt@erdw.ethz.ch Editorial office Dr. Barbara Kuhn Institut f\u00fcr Geochemie und...","protected":false},"author":1,"featured_media":0,"parent":0,"menu_order":0,"comment_status":"closed","ping_status":"closed","template":"","meta":{"footnotes":""},"class_list":["post-228","page","type-page","status-publish","hentry"],"yoast_head":"<!-- This site is optimized with the Yoast SEO plugin v26.9 - https:\/\/yoast.com\/product\/yoast-seo-wordpress\/ -->\n<title>Imprint - swiss laboratory for particle analysis in tissues<\/title>\n<meta name=\"robots\" content=\"index, follow, max-snippet:-1, max-image-preview:large, max-video-preview:-1\" \/>\n<link rel=\"canonical\" href=\"https:\/\/www.silag.ch\/en\/impressum\/\" \/>\n<meta property=\"og:locale\" content=\"en_US\" \/>\n<meta property=\"og:type\" content=\"article\" \/>\n<meta property=\"og:title\" content=\"Imprint - swiss laboratory for particle analysis in tissues\" \/>\n<meta property=\"og:url\" content=\"https:\/\/www.silag.ch\/en\/impressum\/\" \/>\n<meta property=\"og:site_name\" content=\"swiss laboratory for particle analysis in tissues\" \/>\n<meta property=\"article:modified_time\" content=\"2021-01-29T12:40:35+00:00\" \/>\n<meta name=\"twitter:card\" content=\"summary_large_image\" \/>\n<meta name=\"twitter:label1\" content=\"Est. reading time\" \/>\n\t<meta name=\"twitter:data1\" content=\"1 minute\" \/>\n<script type=\"application\/ld+json\" class=\"yoast-schema-graph\">{\"@context\":\"https:\/\/schema.org\",\"@graph\":[{\"@type\":\"WebPage\",\"@id\":\"https:\/\/www.silag.ch\/en\/impressum\/\",\"url\":\"https:\/\/www.silag.ch\/en\/impressum\/\",\"name\":\"Imprint - swiss laboratory for particle analysis in tissues\",\"isPartOf\":{\"@id\":\"https:\/\/www.silag.ch\/#website\"},\"datePublished\":\"2020-10-06T11:41:53+00:00\",\"dateModified\":\"2021-01-29T12:40:35+00:00\",\"breadcrumb\":{\"@id\":\"https:\/\/www.silag.ch\/en\/impressum\/#breadcrumb\"},\"inLanguage\":\"en-US\",\"potentialAction\":[{\"@type\":\"ReadAction\",\"target\":[\"https:\/\/www.silag.ch\/en\/impressum\/\"]}]},{\"@type\":\"BreadcrumbList\",\"@id\":\"https:\/\/www.silag.ch\/en\/impressum\/#breadcrumb\",\"itemListElement\":[{\"@type\":\"ListItem\",\"position\":1,\"name\":\"Startseite\",\"item\":\"https:\/\/www.silag.ch\/en\/home\/\"},{\"@type\":\"ListItem\",\"position\":2,\"name\":\"Imprint\"}]},{\"@type\":\"WebSite\",\"@id\":\"https:\/\/www.silag.ch\/#website\",\"url\":\"https:\/\/www.silag.ch\/\",\"name\":\"swiss laboratory for particle analysis in tissues\",\"description\":\"\",\"potentialAction\":[{\"@type\":\"SearchAction\",\"target\":{\"@type\":\"EntryPoint\",\"urlTemplate\":\"https:\/\/www.silag.ch\/?s={search_term_string}\"},\"query-input\":{\"@type\":\"PropertyValueSpecification\",\"valueRequired\":true,\"valueName\":\"search_term_string\"}}],\"inLanguage\":\"en-US\"}]}<\/script>\n<!-- \/ Yoast SEO plugin. -->","yoast_head_json":{"title":"Imprint - swiss laboratory for particle analysis in tissues","robots":{"index":"index","follow":"follow","max-snippet":"max-snippet:-1","max-image-preview":"max-image-preview:large","max-video-preview":"max-video-preview:-1"},"canonical":"https:\/\/www.silag.ch\/en\/impressum\/","og_locale":"en_US","og_type":"article","og_title":"Imprint - swiss laboratory for particle analysis in tissues","og_url":"https:\/\/www.silag.ch\/en\/impressum\/","og_site_name":"swiss laboratory for particle analysis in tissues","article_modified_time":"2021-01-29T12:40:35+00:00","twitter_card":"summary_large_image","twitter_misc":{"Est. reading time":"1 minute"},"schema":{"@context":"https:\/\/schema.org","@graph":[{"@type":"WebPage","@id":"https:\/\/www.silag.ch\/en\/impressum\/","url":"https:\/\/www.silag.ch\/en\/impressum\/","name":"Imprint - swiss laboratory for particle analysis in tissues","isPartOf":{"@id":"https:\/\/www.silag.ch\/#website"},"datePublished":"2020-10-06T11:41:53+00:00","dateModified":"2021-01-29T12:40:35+00:00","breadcrumb":{"@id":"https:\/\/www.silag.ch\/en\/impressum\/#breadcrumb"},"inLanguage":"en-US","potentialAction":[{"@type":"ReadAction","target":["https:\/\/www.silag.ch\/en\/impressum\/"]}]},{"@type":"BreadcrumbList","@id":"https:\/\/www.silag.ch\/en\/impressum\/#breadcrumb","itemListElement":[{"@type":"ListItem","position":1,"name":"Startseite","item":"https:\/\/www.silag.ch\/en\/home\/"},{"@type":"ListItem","position":2,"name":"Imprint"}]},{"@type":"WebSite","@id":"https:\/\/www.silag.ch\/#website","url":"https:\/\/www.silag.ch\/","name":"swiss laboratory for particle analysis in tissues","description":"","potentialAction":[{"@type":"SearchAction","target":{"@type":"EntryPoint","urlTemplate":"https:\/\/www.silag.ch\/?s={search_term_string}"},"query-input":{"@type":"PropertyValueSpecification","valueRequired":true,"valueName":"search_term_string"}}],"inLanguage":"en-US"}]}},"_links":{"self":[{"href":"https:\/\/www.silag.ch\/en\/wp-json\/wp\/v2\/pages\/228","targetHints":{"allow":["GET"]}}],"collection":[{"href":"https:\/\/www.silag.ch\/en\/wp-json\/wp\/v2\/pages"}],"about":[{"href":"https:\/\/www.silag.ch\/en\/wp-json\/wp\/v2\/types\/page"}],"author":[{"embeddable":true,"href":"https:\/\/www.silag.ch\/en\/wp-json\/wp\/v2\/users\/1"}],"replies":[{"embeddable":true,"href":"https:\/\/www.silag.ch\/en\/wp-json\/wp\/v2\/comments?post=228"}],"version-history":[{"count":4,"href":"https:\/\/www.silag.ch\/en\/wp-json\/wp\/v2\/pages\/228\/revisions"}],"predecessor-version":[{"id":446,"href":"https:\/\/www.silag.ch\/en\/wp-json\/wp\/v2\/pages\/228\/revisions\/446"}],"wp:attachment":[{"href":"https:\/\/www.silag.ch\/en\/wp-json\/wp\/v2\/media?parent=228"}],"curies":[{"name":"wp","href":"https:\/\/api.w.org\/{rel}","templated":true}]}}